{"id":99,"date":"2013-06-07T11:38:12","date_gmt":"2013-06-07T11:38:12","guid":{"rendered":"http:\/\/demo2.woothemes.com\/woocommerce\/?post_type=product&#038;p=99"},"modified":"2024-04-14T23:47:01","modified_gmt":"2024-04-14T23:47:01","slug":"glass-vase-of-yellow-roses","status":"publish","type":"product","link":"https:\/\/unruffled-carver.54-38-190-255.plesk.page\/index.php\/produit\/glass-vase-of-yellow-roses\/","title":{"rendered":"\u00c9motion &#8211; Raquette"},"content":{"rendered":"<div class=\"rte\">\n<p>Composition en majorit\u00e9 constitu\u00e9e de fleurs temp\u00e9r\u00e9es; lys blancs et roses, roses blanches, chrysanth\u00e8mes, gypsophile et comme fleurs tropicales, seulement l&#8217;alpinia rose et de feuillage vari\u00e9.<\/p>\n<\/div>\n","protected":false},"excerpt":{"rendered":"<p>Raquette bi-color rose et blanc &#8211; fleurs mixtes<\/p>\n","protected":false},"featured_media":2719,"comment_status":"open","ping_status":"closed","template":"","meta":[],"product_cat":[],"product_tag":[],"class_list":{"0":"post-99","1":"product","2":"type-product","3":"status-publish","4":"has-post-thumbnail","6":"notblog","8":"first","9":"instock","10":"taxable","11":"shipping-taxable","12":"purchasable","13":"product-type-simple"},"yoast_head":"<!-- This site is optimized with the Yoast SEO plugin v20.10 - https:\/\/yoast.com\/wordpress\/plugins\/seo\/ -->\n<title>\u00c9motion - Raquette - MILFLEURS - Site Internet de Vente de Fleurs en ligne - Guadeloupe<\/title>\n<meta name=\"robots\" content=\"index, follow, max-snippet:-1, max-image-preview:large, max-video-preview:-1\" \/>\n<link rel=\"canonical\" href=\"https:\/\/unruffled-carver.54-38-190-255.plesk.page\/index.php\/produit\/glass-vase-of-yellow-roses\/\" \/>\n<meta property=\"og:locale\" content=\"fr_FR\" \/>\n<meta property=\"og:type\" content=\"article\" \/>\n<meta property=\"og:title\" content=\"\u00c9motion - Raquette - MILFLEURS - Site Internet de Vente de Fleurs en ligne - Guadeloupe\" \/>\n<meta property=\"og:description\" content=\"Raquette bi-color rose et blanc - fleurs mixtes\" \/>\n<meta property=\"og:url\" content=\"https:\/\/unruffled-carver.54-38-190-255.plesk.page\/index.php\/produit\/glass-vase-of-yellow-roses\/\" \/>\n<meta property=\"og:site_name\" content=\"MILFLEURS - Site Internet de Vente de Fleurs en ligne - Guadeloupe\" \/>\n<meta property=\"article:modified_time\" content=\"2024-04-14T23:47:01+00:00\" \/>\n<meta property=\"og:image\" content=\"https:\/\/unruffled-carver.54-38-190-255.plesk.page\/wp-content\/uploads\/2013\/06\/331-thickbox_default-Emotion-Raquette-3.png\" \/>\n\t<meta property=\"og:image:width\" content=\"800\" \/>\n\t<meta property=\"og:image:height\" content=\"800\" \/>\n\t<meta property=\"og:image:type\" content=\"image\/png\" \/>\n<meta name=\"twitter:card\" content=\"summary_large_image\" \/>\n<meta name=\"twitter:label1\" content=\"Dur\u00e9e de lecture estim\u00e9e\" \/>\n\t<meta name=\"twitter:data1\" content=\"1 minute\" \/>\n<script type=\"application\/ld+json\" class=\"yoast-schema-graph\">{\"@context\":\"https:\/\/schema.org\",\"@graph\":[{\"@type\":\"WebPage\",\"@id\":\"https:\/\/unruffled-carver.54-38-190-255.plesk.page\/index.php\/produit\/glass-vase-of-yellow-roses\/\",\"url\":\"https:\/\/unruffled-carver.54-38-190-255.plesk.page\/index.php\/produit\/glass-vase-of-yellow-roses\/\",\"name\":\"\u00c9motion - Raquette - MILFLEURS - Site Internet de Vente de Fleurs en ligne - Guadeloupe\",\"isPartOf\":{\"@id\":\"https:\/\/unruffled-carver.54-38-190-255.plesk.page\/#website\"},\"datePublished\":\"2013-06-07T11:38:12+00:00\",\"dateModified\":\"2024-04-14T23:47:01+00:00\",\"breadcrumb\":{\"@id\":\"https:\/\/unruffled-carver.54-38-190-255.plesk.page\/index.php\/produit\/glass-vase-of-yellow-roses\/#breadcrumb\"},\"inLanguage\":\"fr-FR\",\"potentialAction\":[{\"@type\":\"ReadAction\",\"target\":[\"https:\/\/unruffled-carver.54-38-190-255.plesk.page\/index.php\/produit\/glass-vase-of-yellow-roses\/\"]}]},{\"@type\":\"BreadcrumbList\",\"@id\":\"https:\/\/unruffled-carver.54-38-190-255.plesk.page\/index.php\/produit\/glass-vase-of-yellow-roses\/#breadcrumb\",\"itemListElement\":[{\"@type\":\"ListItem\",\"position\":1,\"name\":\"Accueil\",\"item\":\"https:\/\/unruffled-carver.54-38-190-255.plesk.page\/\"},{\"@type\":\"ListItem\",\"position\":2,\"name\":\"Boutique\",\"item\":\"https:\/\/unruffled-carver.54-38-190-255.plesk.page\/index.php\/boutique\/\"},{\"@type\":\"ListItem\",\"position\":3,\"name\":\"\u00c9motion &#8211; Raquette\"}]},{\"@type\":\"WebSite\",\"@id\":\"https:\/\/unruffled-carver.54-38-190-255.plesk.page\/#website\",\"url\":\"https:\/\/unruffled-carver.54-38-190-255.plesk.page\/\",\"name\":\"MILFLEURS - Site Internet de Vente de Fleurs en ligne - Guadeloupe\",\"description\":\"Une Histoire de fleur\",\"potentialAction\":[{\"@type\":\"SearchAction\",\"target\":{\"@type\":\"EntryPoint\",\"urlTemplate\":\"https:\/\/unruffled-carver.54-38-190-255.plesk.page\/?s={search_term_string}\"},\"query-input\":\"required name=search_term_string\"}],\"inLanguage\":\"fr-FR\"}]}<\/script>\n<!-- \/ Yoast SEO plugin. -->","yoast_head_json":{"title":"\u00c9motion - Raquette - MILFLEURS - Site Internet de Vente de Fleurs en ligne - Guadeloupe","robots":{"index":"index","follow":"follow","max-snippet":"max-snippet:-1","max-image-preview":"max-image-preview:large","max-video-preview":"max-video-preview:-1"},"canonical":"https:\/\/unruffled-carver.54-38-190-255.plesk.page\/index.php\/produit\/glass-vase-of-yellow-roses\/","og_locale":"fr_FR","og_type":"article","og_title":"\u00c9motion - Raquette - MILFLEURS - Site Internet de Vente de Fleurs en ligne - Guadeloupe","og_description":"Raquette bi-color rose et blanc - fleurs mixtes","og_url":"https:\/\/unruffled-carver.54-38-190-255.plesk.page\/index.php\/produit\/glass-vase-of-yellow-roses\/","og_site_name":"MILFLEURS - Site Internet de Vente de Fleurs en ligne - Guadeloupe","article_modified_time":"2024-04-14T23:47:01+00:00","og_image":[{"url":"https:\/\/unruffled-carver.54-38-190-255.plesk.page\/wp-content\/uploads\/2013\/06\/331-thickbox_default-Emotion-Raquette-3.png","width":800,"height":800,"type":"image\/png"}],"twitter_card":"summary_large_image","twitter_misc":{"Dur\u00e9e de lecture estim\u00e9e":"1 minute"},"schema":{"@context":"https:\/\/schema.org","@graph":[{"@type":"WebPage","@id":"https:\/\/unruffled-carver.54-38-190-255.plesk.page\/index.php\/produit\/glass-vase-of-yellow-roses\/","url":"https:\/\/unruffled-carver.54-38-190-255.plesk.page\/index.php\/produit\/glass-vase-of-yellow-roses\/","name":"\u00c9motion - Raquette - MILFLEURS - Site Internet de Vente de Fleurs en ligne - Guadeloupe","isPartOf":{"@id":"https:\/\/unruffled-carver.54-38-190-255.plesk.page\/#website"},"datePublished":"2013-06-07T11:38:12+00:00","dateModified":"2024-04-14T23:47:01+00:00","breadcrumb":{"@id":"https:\/\/unruffled-carver.54-38-190-255.plesk.page\/index.php\/produit\/glass-vase-of-yellow-roses\/#breadcrumb"},"inLanguage":"fr-FR","potentialAction":[{"@type":"ReadAction","target":["https:\/\/unruffled-carver.54-38-190-255.plesk.page\/index.php\/produit\/glass-vase-of-yellow-roses\/"]}]},{"@type":"BreadcrumbList","@id":"https:\/\/unruffled-carver.54-38-190-255.plesk.page\/index.php\/produit\/glass-vase-of-yellow-roses\/#breadcrumb","itemListElement":[{"@type":"ListItem","position":1,"name":"Accueil","item":"https:\/\/unruffled-carver.54-38-190-255.plesk.page\/"},{"@type":"ListItem","position":2,"name":"Boutique","item":"https:\/\/unruffled-carver.54-38-190-255.plesk.page\/index.php\/boutique\/"},{"@type":"ListItem","position":3,"name":"\u00c9motion &#8211; Raquette"}]},{"@type":"WebSite","@id":"https:\/\/unruffled-carver.54-38-190-255.plesk.page\/#website","url":"https:\/\/unruffled-carver.54-38-190-255.plesk.page\/","name":"MILFLEURS - Site Internet de Vente de Fleurs en ligne - Guadeloupe","description":"Une Histoire de fleur","potentialAction":[{"@type":"SearchAction","target":{"@type":"EntryPoint","urlTemplate":"https:\/\/unruffled-carver.54-38-190-255.plesk.page\/?s={search_term_string}"},"query-input":"required name=search_term_string"}],"inLanguage":"fr-FR"}]}},"_links":{"self":[{"href":"https:\/\/unruffled-carver.54-38-190-255.plesk.page\/index.php\/wp-json\/wp\/v2\/product\/99","targetHints":{"allow":["GET"]}}],"collection":[{"href":"https:\/\/unruffled-carver.54-38-190-255.plesk.page\/index.php\/wp-json\/wp\/v2\/product"}],"about":[{"href":"https:\/\/unruffled-carver.54-38-190-255.plesk.page\/index.php\/wp-json\/wp\/v2\/types\/product"}],"replies":[{"embeddable":true,"href":"https:\/\/unruffled-carver.54-38-190-255.plesk.page\/index.php\/wp-json\/wp\/v2\/comments?post=99"}],"wp:featuredmedia":[{"embeddable":true,"href":"https:\/\/unruffled-carver.54-38-190-255.plesk.page\/index.php\/wp-json\/wp\/v2\/media\/2719"}],"wp:attachment":[{"href":"https:\/\/unruffled-carver.54-38-190-255.plesk.page\/index.php\/wp-json\/wp\/v2\/media?parent=99"}],"wp:term":[{"taxonomy":"product_cat","embeddable":true,"href":"https:\/\/unruffled-carver.54-38-190-255.plesk.page\/index.php\/wp-json\/wp\/v2\/product_cat?post=99"},{"taxonomy":"product_tag","embeddable":true,"href":"https:\/\/unruffled-carver.54-38-190-255.plesk.page\/index.php\/wp-json\/wp\/v2\/product_tag?post=99"}],"curies":[{"name":"wp","href":"https:\/\/api.w.org\/{rel}","templated":true}]}}