{"id":96,"date":"2013-06-07T11:37:23","date_gmt":"2013-06-07T11:37:23","guid":{"rendered":"http:\/\/demo2.woothemes.com\/woocommerce\/?post_type=product&#038;p=96"},"modified":"2024-04-14T15:28:48","modified_gmt":"2024-04-14T15:28:48","slug":"pink-roses-for-your-loved-ones","status":"publish","type":"product","link":"https:\/\/unruffled-carver.54-38-190-255.plesk.page\/index.php\/produit\/pink-roses-for-your-loved-ones\/","title":{"rendered":"V\u00e9nus &#8211; Coeur de roses rouges"},"content":{"rendered":"<p>Sublime composition de roses rouges.<br \/>\nMarque d&#8217;un sentiment profond envers le d\u00e9funt.<\/p>\n","protected":false},"excerpt":{"rendered":"<p>Coeur de &#8220;diam\u00e8tre&#8221;<\/p>\n<p>Compos\u00e9 de 50 roses rouges gros boutons, de nuage de gypsophile et d&#8217;une bordure de chrysanth\u00e8mes blancs.<\/p>\n<p>Une autre couleur est possible mais apr\u00e8s notre confirmation de la disponibilit\u00e9.<\/p>\n","protected":false},"featured_media":2710,"comment_status":"open","ping_status":"closed","template":"","meta":[],"product_cat":[],"product_tag":[],"class_list":{"0":"post-96","1":"product","2":"type-product","3":"status-publish","4":"has-post-thumbnail","6":"notblog","8":"first","9":"instock","10":"featured","11":"taxable","12":"shipping-taxable","13":"purchasable","14":"product-type-simple"},"yoast_head":"<!-- This site is optimized with the Yoast SEO plugin v20.10 - https:\/\/yoast.com\/wordpress\/plugins\/seo\/ -->\n<title>V\u00e9nus - Coeur de roses rouges - MILFLEURS - Site Internet de Vente de Fleurs en ligne - Guadeloupe<\/title>\n<meta name=\"robots\" content=\"index, follow, max-snippet:-1, max-image-preview:large, max-video-preview:-1\" \/>\n<link rel=\"canonical\" href=\"https:\/\/unruffled-carver.54-38-190-255.plesk.page\/index.php\/produit\/pink-roses-for-your-loved-ones\/\" \/>\n<meta property=\"og:locale\" content=\"fr_FR\" \/>\n<meta property=\"og:type\" content=\"article\" \/>\n<meta property=\"og:title\" content=\"V\u00e9nus - Coeur de roses rouges - MILFLEURS - Site Internet de Vente de Fleurs en ligne - Guadeloupe\" \/>\n<meta property=\"og:description\" content=\"Coeur de &quot;diam\u00e8tre&quot;  Compos\u00e9 de 50 roses rouges gros boutons, de nuage de gypsophile et d&#039;une bordure de chrysanth\u00e8mes blancs.  Une autre couleur est possible mais apr\u00e8s notre confirmation de la disponibilit\u00e9.\" \/>\n<meta property=\"og:url\" content=\"https:\/\/unruffled-carver.54-38-190-255.plesk.page\/index.php\/produit\/pink-roses-for-your-loved-ones\/\" \/>\n<meta property=\"og:site_name\" content=\"MILFLEURS - Site Internet de Vente de Fleurs en ligne - Guadeloupe\" \/>\n<meta property=\"article:modified_time\" content=\"2024-04-14T15:28:48+00:00\" \/>\n<meta property=\"og:image\" content=\"https:\/\/unruffled-carver.54-38-190-255.plesk.page\/wp-content\/uploads\/2021\/07\/venus-coeur-de-roses-rouges.png\" \/>\n\t<meta property=\"og:image:width\" content=\"800\" \/>\n\t<meta property=\"og:image:height\" content=\"800\" \/>\n\t<meta property=\"og:image:type\" content=\"image\/png\" \/>\n<meta name=\"twitter:card\" content=\"summary_large_image\" \/>\n<meta name=\"twitter:label1\" content=\"Dur\u00e9e de lecture estim\u00e9e\" \/>\n\t<meta name=\"twitter:data1\" content=\"1 minute\" \/>\n<script type=\"application\/ld+json\" class=\"yoast-schema-graph\">{\"@context\":\"https:\/\/schema.org\",\"@graph\":[{\"@type\":\"WebPage\",\"@id\":\"https:\/\/unruffled-carver.54-38-190-255.plesk.page\/index.php\/produit\/pink-roses-for-your-loved-ones\/\",\"url\":\"https:\/\/unruffled-carver.54-38-190-255.plesk.page\/index.php\/produit\/pink-roses-for-your-loved-ones\/\",\"name\":\"V\u00e9nus - Coeur de roses rouges - MILFLEURS - Site Internet de Vente de Fleurs en ligne - Guadeloupe\",\"isPartOf\":{\"@id\":\"https:\/\/unruffled-carver.54-38-190-255.plesk.page\/#website\"},\"datePublished\":\"2013-06-07T11:37:23+00:00\",\"dateModified\":\"2024-04-14T15:28:48+00:00\",\"breadcrumb\":{\"@id\":\"https:\/\/unruffled-carver.54-38-190-255.plesk.page\/index.php\/produit\/pink-roses-for-your-loved-ones\/#breadcrumb\"},\"inLanguage\":\"fr-FR\",\"potentialAction\":[{\"@type\":\"ReadAction\",\"target\":[\"https:\/\/unruffled-carver.54-38-190-255.plesk.page\/index.php\/produit\/pink-roses-for-your-loved-ones\/\"]}]},{\"@type\":\"BreadcrumbList\",\"@id\":\"https:\/\/unruffled-carver.54-38-190-255.plesk.page\/index.php\/produit\/pink-roses-for-your-loved-ones\/#breadcrumb\",\"itemListElement\":[{\"@type\":\"ListItem\",\"position\":1,\"name\":\"Accueil\",\"item\":\"https:\/\/unruffled-carver.54-38-190-255.plesk.page\/\"},{\"@type\":\"ListItem\",\"position\":2,\"name\":\"Boutique\",\"item\":\"https:\/\/unruffled-carver.54-38-190-255.plesk.page\/index.php\/boutique\/\"},{\"@type\":\"ListItem\",\"position\":3,\"name\":\"V\u00e9nus &#8211; Coeur de roses rouges\"}]},{\"@type\":\"WebSite\",\"@id\":\"https:\/\/unruffled-carver.54-38-190-255.plesk.page\/#website\",\"url\":\"https:\/\/unruffled-carver.54-38-190-255.plesk.page\/\",\"name\":\"MILFLEURS - Site Internet de Vente de Fleurs en ligne - Guadeloupe\",\"description\":\"Une Histoire de fleur\",\"potentialAction\":[{\"@type\":\"SearchAction\",\"target\":{\"@type\":\"EntryPoint\",\"urlTemplate\":\"https:\/\/unruffled-carver.54-38-190-255.plesk.page\/?s={search_term_string}\"},\"query-input\":\"required name=search_term_string\"}],\"inLanguage\":\"fr-FR\"}]}<\/script>\n<!-- \/ Yoast SEO plugin. -->","yoast_head_json":{"title":"V\u00e9nus - Coeur de roses rouges - MILFLEURS - Site Internet de Vente de Fleurs en ligne - Guadeloupe","robots":{"index":"index","follow":"follow","max-snippet":"max-snippet:-1","max-image-preview":"max-image-preview:large","max-video-preview":"max-video-preview:-1"},"canonical":"https:\/\/unruffled-carver.54-38-190-255.plesk.page\/index.php\/produit\/pink-roses-for-your-loved-ones\/","og_locale":"fr_FR","og_type":"article","og_title":"V\u00e9nus - Coeur de roses rouges - MILFLEURS - Site Internet de Vente de Fleurs en ligne - Guadeloupe","og_description":"Coeur de \"diam\u00e8tre\"  Compos\u00e9 de 50 roses rouges gros boutons, de nuage de gypsophile et d'une bordure de chrysanth\u00e8mes blancs.  Une autre couleur est possible mais apr\u00e8s notre confirmation de la disponibilit\u00e9.","og_url":"https:\/\/unruffled-carver.54-38-190-255.plesk.page\/index.php\/produit\/pink-roses-for-your-loved-ones\/","og_site_name":"MILFLEURS - Site Internet de Vente de Fleurs en ligne - Guadeloupe","article_modified_time":"2024-04-14T15:28:48+00:00","og_image":[{"width":800,"height":800,"url":"https:\/\/unruffled-carver.54-38-190-255.plesk.page\/wp-content\/uploads\/2021\/07\/venus-coeur-de-roses-rouges.png","type":"image\/png"}],"twitter_card":"summary_large_image","twitter_misc":{"Dur\u00e9e de lecture estim\u00e9e":"1 minute"},"schema":{"@context":"https:\/\/schema.org","@graph":[{"@type":"WebPage","@id":"https:\/\/unruffled-carver.54-38-190-255.plesk.page\/index.php\/produit\/pink-roses-for-your-loved-ones\/","url":"https:\/\/unruffled-carver.54-38-190-255.plesk.page\/index.php\/produit\/pink-roses-for-your-loved-ones\/","name":"V\u00e9nus - Coeur de roses rouges - MILFLEURS - Site Internet de Vente de Fleurs en ligne - Guadeloupe","isPartOf":{"@id":"https:\/\/unruffled-carver.54-38-190-255.plesk.page\/#website"},"datePublished":"2013-06-07T11:37:23+00:00","dateModified":"2024-04-14T15:28:48+00:00","breadcrumb":{"@id":"https:\/\/unruffled-carver.54-38-190-255.plesk.page\/index.php\/produit\/pink-roses-for-your-loved-ones\/#breadcrumb"},"inLanguage":"fr-FR","potentialAction":[{"@type":"ReadAction","target":["https:\/\/unruffled-carver.54-38-190-255.plesk.page\/index.php\/produit\/pink-roses-for-your-loved-ones\/"]}]},{"@type":"BreadcrumbList","@id":"https:\/\/unruffled-carver.54-38-190-255.plesk.page\/index.php\/produit\/pink-roses-for-your-loved-ones\/#breadcrumb","itemListElement":[{"@type":"ListItem","position":1,"name":"Accueil","item":"https:\/\/unruffled-carver.54-38-190-255.plesk.page\/"},{"@type":"ListItem","position":2,"name":"Boutique","item":"https:\/\/unruffled-carver.54-38-190-255.plesk.page\/index.php\/boutique\/"},{"@type":"ListItem","position":3,"name":"V\u00e9nus &#8211; Coeur de roses rouges"}]},{"@type":"WebSite","@id":"https:\/\/unruffled-carver.54-38-190-255.plesk.page\/#website","url":"https:\/\/unruffled-carver.54-38-190-255.plesk.page\/","name":"MILFLEURS - Site Internet de Vente de Fleurs en ligne - Guadeloupe","description":"Une Histoire de fleur","potentialAction":[{"@type":"SearchAction","target":{"@type":"EntryPoint","urlTemplate":"https:\/\/unruffled-carver.54-38-190-255.plesk.page\/?s={search_term_string}"},"query-input":"required name=search_term_string"}],"inLanguage":"fr-FR"}]}},"_links":{"self":[{"href":"https:\/\/unruffled-carver.54-38-190-255.plesk.page\/index.php\/wp-json\/wp\/v2\/product\/96","targetHints":{"allow":["GET"]}}],"collection":[{"href":"https:\/\/unruffled-carver.54-38-190-255.plesk.page\/index.php\/wp-json\/wp\/v2\/product"}],"about":[{"href":"https:\/\/unruffled-carver.54-38-190-255.plesk.page\/index.php\/wp-json\/wp\/v2\/types\/product"}],"replies":[{"embeddable":true,"href":"https:\/\/unruffled-carver.54-38-190-255.plesk.page\/index.php\/wp-json\/wp\/v2\/comments?post=96"}],"wp:featuredmedia":[{"embeddable":true,"href":"https:\/\/unruffled-carver.54-38-190-255.plesk.page\/index.php\/wp-json\/wp\/v2\/media\/2710"}],"wp:attachment":[{"href":"https:\/\/unruffled-carver.54-38-190-255.plesk.page\/index.php\/wp-json\/wp\/v2\/media?parent=96"}],"wp:term":[{"taxonomy":"product_cat","embeddable":true,"href":"https:\/\/unruffled-carver.54-38-190-255.plesk.page\/index.php\/wp-json\/wp\/v2\/product_cat?post=96"},{"taxonomy":"product_tag","embeddable":true,"href":"https:\/\/unruffled-carver.54-38-190-255.plesk.page\/index.php\/wp-json\/wp\/v2\/product_tag?post=96"}],"curies":[{"name":"wp","href":"https:\/\/api.w.org\/{rel}","templated":true}]}}