{"id":2551,"date":"2021-08-19T20:20:44","date_gmt":"2021-08-19T20:20:44","guid":{"rendered":"https:\/\/unruffled-carver.54-38-190-255.plesk.page\/index.php\/produit\/in-memorium-raquette\/"},"modified":"2024-04-12T19:31:56","modified_gmt":"2024-04-12T19:31:56","slug":"in-memorium-raquette","status":"publish","type":"product","link":"https:\/\/unruffled-carver.54-38-190-255.plesk.page\/index.php\/produit\/in-memorium-raquette\/","title":{"rendered":"In memorium &#8211; Raquette"},"content":{"rendered":"<p>Raquette mixte color\u00e9e<\/p>\n","protected":false},"excerpt":{"rendered":"<div class=\"rte\">\n<p>Raquette compos\u00e9e de fleurs tropicales; alpinias rouges et roses, h\u00e9liconias&#8230;<\/p>\n<p>et de fleurs temp\u00e9r\u00e9es; lys, roses gros boutons, gerberas, chrysanth\u00e8mes vari\u00e9s, gypsophile et de feuillage vari\u00e9.<\/p>\n<\/div>\n","protected":false},"featured_media":2632,"comment_status":"open","ping_status":"closed","template":"","meta":[],"product_cat":[85],"product_tag":[103,136,135,120,112,94,121,118,137,97,173,142,123,148],"class_list":{"0":"post-2551","1":"product","2":"type-product","3":"status-publish","4":"has-post-thumbnail","6":"product_cat-deuils","7":"product_tag-abymes","8":"product_tag-baie-mahault","9":"product_tag-basse-terre","10":"product_tag-biras","11":"product_tag-couronne","12":"product_tag-deuil","13":"product_tag-dorocant","14":"product_tag-gerbe","15":"product_tag-gosier","16":"product_tag-guadeloupe","17":"product_tag-jarry","18":"product_tag-pointe-a-pitre","19":"product_tag-pompes-funebres","20":"product_tag-raquette","21":"notblog","23":"first","24":"instock","25":"taxable","26":"shipping-taxable","27":"purchasable","28":"product-type-simple"},"yoast_head":"<!-- This site is optimized with the Yoast SEO plugin v20.10 - https:\/\/yoast.com\/wordpress\/plugins\/seo\/ -->\n<title>In memorium - Raquette - MILFLEURS - Site Internet de Vente de Fleurs en ligne - Guadeloupe<\/title>\n<meta name=\"robots\" content=\"index, follow, max-snippet:-1, max-image-preview:large, max-video-preview:-1\" \/>\n<link rel=\"canonical\" href=\"https:\/\/unruffled-carver.54-38-190-255.plesk.page\/index.php\/produit\/in-memorium-raquette\/\" \/>\n<meta property=\"og:locale\" content=\"fr_FR\" \/>\n<meta property=\"og:type\" content=\"article\" \/>\n<meta property=\"og:title\" content=\"In memorium - Raquette - MILFLEURS - Site Internet de Vente de Fleurs en ligne - Guadeloupe\" \/>\n<meta property=\"og:description\" content=\"Raquette compos\u00e9e de fleurs tropicales; alpinias rouges et roses, h\u00e9liconias...  et de fleurs temp\u00e9r\u00e9es; lys, roses gros boutons, gerberas, chrysanth\u00e8mes vari\u00e9s, gypsophile et de feuillage vari\u00e9.\" \/>\n<meta property=\"og:url\" content=\"https:\/\/unruffled-carver.54-38-190-255.plesk.page\/index.php\/produit\/in-memorium-raquette\/\" \/>\n<meta property=\"og:site_name\" content=\"MILFLEURS - Site Internet de Vente de Fleurs en ligne - Guadeloupe\" \/>\n<meta property=\"article:modified_time\" content=\"2024-04-12T19:31:56+00:00\" \/>\n<meta property=\"og:image\" content=\"https:\/\/unruffled-carver.54-38-190-255.plesk.page\/wp-content\/uploads\/2021\/08\/Mon-projetother-1.png\" \/>\n\t<meta property=\"og:image:width\" content=\"800\" \/>\n\t<meta property=\"og:image:height\" content=\"587\" \/>\n\t<meta property=\"og:image:type\" content=\"image\/png\" \/>\n<meta name=\"twitter:card\" content=\"summary_large_image\" \/>\n<meta name=\"twitter:label1\" content=\"Dur\u00e9e de lecture estim\u00e9e\" \/>\n\t<meta name=\"twitter:data1\" content=\"1 minute\" \/>\n<script type=\"application\/ld+json\" class=\"yoast-schema-graph\">{\"@context\":\"https:\/\/schema.org\",\"@graph\":[{\"@type\":\"WebPage\",\"@id\":\"https:\/\/unruffled-carver.54-38-190-255.plesk.page\/index.php\/produit\/in-memorium-raquette\/\",\"url\":\"https:\/\/unruffled-carver.54-38-190-255.plesk.page\/index.php\/produit\/in-memorium-raquette\/\",\"name\":\"In memorium - Raquette - MILFLEURS - Site Internet de Vente de Fleurs en ligne - Guadeloupe\",\"isPartOf\":{\"@id\":\"https:\/\/unruffled-carver.54-38-190-255.plesk.page\/#website\"},\"datePublished\":\"2021-08-19T20:20:44+00:00\",\"dateModified\":\"2024-04-12T19:31:56+00:00\",\"breadcrumb\":{\"@id\":\"https:\/\/unruffled-carver.54-38-190-255.plesk.page\/index.php\/produit\/in-memorium-raquette\/#breadcrumb\"},\"inLanguage\":\"fr-FR\",\"potentialAction\":[{\"@type\":\"ReadAction\",\"target\":[\"https:\/\/unruffled-carver.54-38-190-255.plesk.page\/index.php\/produit\/in-memorium-raquette\/\"]}]},{\"@type\":\"BreadcrumbList\",\"@id\":\"https:\/\/unruffled-carver.54-38-190-255.plesk.page\/index.php\/produit\/in-memorium-raquette\/#breadcrumb\",\"itemListElement\":[{\"@type\":\"ListItem\",\"position\":1,\"name\":\"Accueil\",\"item\":\"https:\/\/unruffled-carver.54-38-190-255.plesk.page\/\"},{\"@type\":\"ListItem\",\"position\":2,\"name\":\"Boutique\",\"item\":\"https:\/\/unruffled-carver.54-38-190-255.plesk.page\/index.php\/boutique\/\"},{\"@type\":\"ListItem\",\"position\":3,\"name\":\"In memorium &#8211; Raquette\"}]},{\"@type\":\"WebSite\",\"@id\":\"https:\/\/unruffled-carver.54-38-190-255.plesk.page\/#website\",\"url\":\"https:\/\/unruffled-carver.54-38-190-255.plesk.page\/\",\"name\":\"MILFLEURS - Site Internet de Vente de Fleurs en ligne - Guadeloupe\",\"description\":\"Une Histoire de fleur\",\"potentialAction\":[{\"@type\":\"SearchAction\",\"target\":{\"@type\":\"EntryPoint\",\"urlTemplate\":\"https:\/\/unruffled-carver.54-38-190-255.plesk.page\/?s={search_term_string}\"},\"query-input\":\"required name=search_term_string\"}],\"inLanguage\":\"fr-FR\"}]}<\/script>\n<!-- \/ Yoast SEO plugin. -->","yoast_head_json":{"title":"In memorium - Raquette - MILFLEURS - Site Internet de Vente de Fleurs en ligne - Guadeloupe","robots":{"index":"index","follow":"follow","max-snippet":"max-snippet:-1","max-image-preview":"max-image-preview:large","max-video-preview":"max-video-preview:-1"},"canonical":"https:\/\/unruffled-carver.54-38-190-255.plesk.page\/index.php\/produit\/in-memorium-raquette\/","og_locale":"fr_FR","og_type":"article","og_title":"In memorium - Raquette - MILFLEURS - Site Internet de Vente de Fleurs en ligne - Guadeloupe","og_description":"Raquette compos\u00e9e de fleurs tropicales; alpinias rouges et roses, h\u00e9liconias...  et de fleurs temp\u00e9r\u00e9es; lys, roses gros boutons, gerberas, chrysanth\u00e8mes vari\u00e9s, gypsophile et de feuillage vari\u00e9.","og_url":"https:\/\/unruffled-carver.54-38-190-255.plesk.page\/index.php\/produit\/in-memorium-raquette\/","og_site_name":"MILFLEURS - Site Internet de Vente de Fleurs en ligne - Guadeloupe","article_modified_time":"2024-04-12T19:31:56+00:00","og_image":[{"width":800,"height":587,"url":"https:\/\/unruffled-carver.54-38-190-255.plesk.page\/wp-content\/uploads\/2021\/08\/Mon-projetother-1.png","type":"image\/png"}],"twitter_card":"summary_large_image","twitter_misc":{"Dur\u00e9e de lecture estim\u00e9e":"1 minute"},"schema":{"@context":"https:\/\/schema.org","@graph":[{"@type":"WebPage","@id":"https:\/\/unruffled-carver.54-38-190-255.plesk.page\/index.php\/produit\/in-memorium-raquette\/","url":"https:\/\/unruffled-carver.54-38-190-255.plesk.page\/index.php\/produit\/in-memorium-raquette\/","name":"In memorium - Raquette - MILFLEURS - Site Internet de Vente de Fleurs en ligne - Guadeloupe","isPartOf":{"@id":"https:\/\/unruffled-carver.54-38-190-255.plesk.page\/#website"},"datePublished":"2021-08-19T20:20:44+00:00","dateModified":"2024-04-12T19:31:56+00:00","breadcrumb":{"@id":"https:\/\/unruffled-carver.54-38-190-255.plesk.page\/index.php\/produit\/in-memorium-raquette\/#breadcrumb"},"inLanguage":"fr-FR","potentialAction":[{"@type":"ReadAction","target":["https:\/\/unruffled-carver.54-38-190-255.plesk.page\/index.php\/produit\/in-memorium-raquette\/"]}]},{"@type":"BreadcrumbList","@id":"https:\/\/unruffled-carver.54-38-190-255.plesk.page\/index.php\/produit\/in-memorium-raquette\/#breadcrumb","itemListElement":[{"@type":"ListItem","position":1,"name":"Accueil","item":"https:\/\/unruffled-carver.54-38-190-255.plesk.page\/"},{"@type":"ListItem","position":2,"name":"Boutique","item":"https:\/\/unruffled-carver.54-38-190-255.plesk.page\/index.php\/boutique\/"},{"@type":"ListItem","position":3,"name":"In memorium &#8211; Raquette"}]},{"@type":"WebSite","@id":"https:\/\/unruffled-carver.54-38-190-255.plesk.page\/#website","url":"https:\/\/unruffled-carver.54-38-190-255.plesk.page\/","name":"MILFLEURS - Site Internet de Vente de Fleurs en ligne - Guadeloupe","description":"Une Histoire de fleur","potentialAction":[{"@type":"SearchAction","target":{"@type":"EntryPoint","urlTemplate":"https:\/\/unruffled-carver.54-38-190-255.plesk.page\/?s={search_term_string}"},"query-input":"required name=search_term_string"}],"inLanguage":"fr-FR"}]}},"_links":{"self":[{"href":"https:\/\/unruffled-carver.54-38-190-255.plesk.page\/index.php\/wp-json\/wp\/v2\/product\/2551","targetHints":{"allow":["GET"]}}],"collection":[{"href":"https:\/\/unruffled-carver.54-38-190-255.plesk.page\/index.php\/wp-json\/wp\/v2\/product"}],"about":[{"href":"https:\/\/unruffled-carver.54-38-190-255.plesk.page\/index.php\/wp-json\/wp\/v2\/types\/product"}],"replies":[{"embeddable":true,"href":"https:\/\/unruffled-carver.54-38-190-255.plesk.page\/index.php\/wp-json\/wp\/v2\/comments?post=2551"}],"wp:featuredmedia":[{"embeddable":true,"href":"https:\/\/unruffled-carver.54-38-190-255.plesk.page\/index.php\/wp-json\/wp\/v2\/media\/2632"}],"wp:attachment":[{"href":"https:\/\/unruffled-carver.54-38-190-255.plesk.page\/index.php\/wp-json\/wp\/v2\/media?parent=2551"}],"wp:term":[{"taxonomy":"product_cat","embeddable":true,"href":"https:\/\/unruffled-carver.54-38-190-255.plesk.page\/index.php\/wp-json\/wp\/v2\/product_cat?post=2551"},{"taxonomy":"product_tag","embeddable":true,"href":"https:\/\/unruffled-carver.54-38-190-255.plesk.page\/index.php\/wp-json\/wp\/v2\/product_tag?post=2551"}],"curies":[{"name":"wp","href":"https:\/\/api.w.org\/{rel}","templated":true}]}}