{"id":2549,"date":"2021-08-19T19:12:05","date_gmt":"2021-08-19T19:12:05","guid":{"rendered":"https:\/\/unruffled-carver.54-38-190-255.plesk.page\/index.php\/produit\/grace-raquette-a-dominante-tropicale\/"},"modified":"2024-04-11T19:53:31","modified_gmt":"2024-04-11T19:53:31","slug":"grace-raquette-a-dominante-tropicale","status":"publish","type":"product","link":"https:\/\/unruffled-carver.54-38-190-255.plesk.page\/index.php\/produit\/grace-raquette-a-dominante-tropicale\/","title":{"rendered":"Gr\u00e2ce &#8211; Raquette \u00e0 dominante tropicale"},"content":{"rendered":"<p>Raquette \u00e0 dominante de fleurs tropicales.<\/p>\n","protected":false},"excerpt":{"rendered":"<p>Raquette comprenant des fleurs tropicales; alpinias blancs, rouges et roses, h\u00e9liconias, chrysanth\u00e8mes, gypsophile et feuillage divers.<\/p>\n","protected":false},"featured_media":2652,"comment_status":"open","ping_status":"closed","template":"","meta":[],"product_cat":[85],"product_tag":[103,136,135,122,120,112,94,121,124,115,152,127,118,137,167,173,172,159,161,128,154,160,142,123,148],"class_list":{"0":"post-2549","1":"product","2":"type-product","3":"status-publish","4":"has-post-thumbnail","6":"product_cat-deuils","7":"product_tag-abymes","8":"product_tag-baie-mahault","9":"product_tag-basse-terre","10":"product_tag-bd-desbranches","11":"product_tag-biras","12":"product_tag-couronne","13":"product_tag-deuil","14":"product_tag-dorocant","15":"product_tag-eglise","16":"product_tag-enterrement","17":"product_tag-fleuriste","18":"product_tag-fleurs","19":"product_tag-gerbe","20":"product_tag-gosier","21":"product_tag-jalton","22":"product_tag-jarry","23":"product_tag-mil-fleur","24":"product_tag-mil-fleurs","25":"product_tag-milfleur","26":"product_tag-milfleurs","27":"product_tag-mille-fleur","28":"product_tag-milles-fleurs","29":"product_tag-pointe-a-pitre","30":"product_tag-pompes-funebres","31":"product_tag-raquette","32":"notblog","34":"first","35":"instock","36":"taxable","37":"shipping-taxable","38":"purchasable","39":"product-type-simple"},"yoast_head":"<!-- This site is optimized with the Yoast SEO plugin v20.10 - https:\/\/yoast.com\/wordpress\/plugins\/seo\/ -->\n<title>Gr\u00e2ce - Raquette \u00e0 dominante tropicale - MILFLEURS - Site Internet de Vente de Fleurs en ligne - Guadeloupe<\/title>\n<meta name=\"robots\" content=\"index, follow, max-snippet:-1, max-image-preview:large, max-video-preview:-1\" \/>\n<link rel=\"canonical\" href=\"https:\/\/unruffled-carver.54-38-190-255.plesk.page\/index.php\/produit\/grace-raquette-a-dominante-tropicale\/\" \/>\n<meta property=\"og:locale\" content=\"fr_FR\" \/>\n<meta property=\"og:type\" content=\"article\" \/>\n<meta property=\"og:title\" content=\"Gr\u00e2ce - Raquette \u00e0 dominante tropicale - MILFLEURS - Site Internet de Vente de Fleurs en ligne - Guadeloupe\" \/>\n<meta property=\"og:description\" content=\"Raquette comprenant des fleurs tropicales; alpinias blancs, rouges et roses, h\u00e9liconias, chrysanth\u00e8mes, gypsophile et feuillage divers.\" \/>\n<meta property=\"og:url\" content=\"https:\/\/unruffled-carver.54-38-190-255.plesk.page\/index.php\/produit\/grace-raquette-a-dominante-tropicale\/\" \/>\n<meta property=\"og:site_name\" content=\"MILFLEURS - Site Internet de Vente de Fleurs en ligne - Guadeloupe\" \/>\n<meta property=\"article:modified_time\" content=\"2024-04-11T19:53:31+00:00\" \/>\n<meta property=\"og:image\" content=\"https:\/\/unruffled-carver.54-38-190-255.plesk.page\/wp-content\/uploads\/2021\/08\/328-thickbox_default-Grace-Raquette-a-dominante-tropicale.jpg\" \/>\n\t<meta property=\"og:image:width\" content=\"800\" \/>\n\t<meta property=\"og:image:height\" content=\"800\" \/>\n\t<meta property=\"og:image:type\" content=\"image\/jpeg\" \/>\n<meta name=\"twitter:card\" content=\"summary_large_image\" \/>\n<meta name=\"twitter:label1\" content=\"Dur\u00e9e de lecture estim\u00e9e\" \/>\n\t<meta name=\"twitter:data1\" content=\"1 minute\" \/>\n<script type=\"application\/ld+json\" class=\"yoast-schema-graph\">{\"@context\":\"https:\/\/schema.org\",\"@graph\":[{\"@type\":\"WebPage\",\"@id\":\"https:\/\/unruffled-carver.54-38-190-255.plesk.page\/index.php\/produit\/grace-raquette-a-dominante-tropicale\/\",\"url\":\"https:\/\/unruffled-carver.54-38-190-255.plesk.page\/index.php\/produit\/grace-raquette-a-dominante-tropicale\/\",\"name\":\"Gr\u00e2ce - Raquette \u00e0 dominante tropicale - MILFLEURS - Site Internet de Vente de Fleurs en ligne - Guadeloupe\",\"isPartOf\":{\"@id\":\"https:\/\/unruffled-carver.54-38-190-255.plesk.page\/#website\"},\"datePublished\":\"2021-08-19T19:12:05+00:00\",\"dateModified\":\"2024-04-11T19:53:31+00:00\",\"breadcrumb\":{\"@id\":\"https:\/\/unruffled-carver.54-38-190-255.plesk.page\/index.php\/produit\/grace-raquette-a-dominante-tropicale\/#breadcrumb\"},\"inLanguage\":\"fr-FR\",\"potentialAction\":[{\"@type\":\"ReadAction\",\"target\":[\"https:\/\/unruffled-carver.54-38-190-255.plesk.page\/index.php\/produit\/grace-raquette-a-dominante-tropicale\/\"]}]},{\"@type\":\"BreadcrumbList\",\"@id\":\"https:\/\/unruffled-carver.54-38-190-255.plesk.page\/index.php\/produit\/grace-raquette-a-dominante-tropicale\/#breadcrumb\",\"itemListElement\":[{\"@type\":\"ListItem\",\"position\":1,\"name\":\"Accueil\",\"item\":\"https:\/\/unruffled-carver.54-38-190-255.plesk.page\/\"},{\"@type\":\"ListItem\",\"position\":2,\"name\":\"Boutique\",\"item\":\"https:\/\/unruffled-carver.54-38-190-255.plesk.page\/index.php\/boutique\/\"},{\"@type\":\"ListItem\",\"position\":3,\"name\":\"Gr\u00e2ce &#8211; Raquette \u00e0 dominante tropicale\"}]},{\"@type\":\"WebSite\",\"@id\":\"https:\/\/unruffled-carver.54-38-190-255.plesk.page\/#website\",\"url\":\"https:\/\/unruffled-carver.54-38-190-255.plesk.page\/\",\"name\":\"MILFLEURS - Site Internet de Vente de Fleurs en ligne - Guadeloupe\",\"description\":\"Une Histoire de fleur\",\"potentialAction\":[{\"@type\":\"SearchAction\",\"target\":{\"@type\":\"EntryPoint\",\"urlTemplate\":\"https:\/\/unruffled-carver.54-38-190-255.plesk.page\/?s={search_term_string}\"},\"query-input\":\"required name=search_term_string\"}],\"inLanguage\":\"fr-FR\"}]}<\/script>\n<!-- \/ Yoast SEO plugin. -->","yoast_head_json":{"title":"Gr\u00e2ce - Raquette \u00e0 dominante tropicale - MILFLEURS - Site Internet de Vente de Fleurs en ligne - Guadeloupe","robots":{"index":"index","follow":"follow","max-snippet":"max-snippet:-1","max-image-preview":"max-image-preview:large","max-video-preview":"max-video-preview:-1"},"canonical":"https:\/\/unruffled-carver.54-38-190-255.plesk.page\/index.php\/produit\/grace-raquette-a-dominante-tropicale\/","og_locale":"fr_FR","og_type":"article","og_title":"Gr\u00e2ce - Raquette \u00e0 dominante tropicale - MILFLEURS - Site Internet de Vente de Fleurs en ligne - Guadeloupe","og_description":"Raquette comprenant des fleurs tropicales; alpinias blancs, rouges et roses, h\u00e9liconias, chrysanth\u00e8mes, gypsophile et feuillage divers.","og_url":"https:\/\/unruffled-carver.54-38-190-255.plesk.page\/index.php\/produit\/grace-raquette-a-dominante-tropicale\/","og_site_name":"MILFLEURS - Site Internet de Vente de Fleurs en ligne - Guadeloupe","article_modified_time":"2024-04-11T19:53:31+00:00","og_image":[{"width":800,"height":800,"url":"https:\/\/unruffled-carver.54-38-190-255.plesk.page\/wp-content\/uploads\/2021\/08\/328-thickbox_default-Grace-Raquette-a-dominante-tropicale.jpg","type":"image\/jpeg"}],"twitter_card":"summary_large_image","twitter_misc":{"Dur\u00e9e de lecture estim\u00e9e":"1 minute"},"schema":{"@context":"https:\/\/schema.org","@graph":[{"@type":"WebPage","@id":"https:\/\/unruffled-carver.54-38-190-255.plesk.page\/index.php\/produit\/grace-raquette-a-dominante-tropicale\/","url":"https:\/\/unruffled-carver.54-38-190-255.plesk.page\/index.php\/produit\/grace-raquette-a-dominante-tropicale\/","name":"Gr\u00e2ce - Raquette \u00e0 dominante tropicale - MILFLEURS - Site Internet de Vente de Fleurs en ligne - Guadeloupe","isPartOf":{"@id":"https:\/\/unruffled-carver.54-38-190-255.plesk.page\/#website"},"datePublished":"2021-08-19T19:12:05+00:00","dateModified":"2024-04-11T19:53:31+00:00","breadcrumb":{"@id":"https:\/\/unruffled-carver.54-38-190-255.plesk.page\/index.php\/produit\/grace-raquette-a-dominante-tropicale\/#breadcrumb"},"inLanguage":"fr-FR","potentialAction":[{"@type":"ReadAction","target":["https:\/\/unruffled-carver.54-38-190-255.plesk.page\/index.php\/produit\/grace-raquette-a-dominante-tropicale\/"]}]},{"@type":"BreadcrumbList","@id":"https:\/\/unruffled-carver.54-38-190-255.plesk.page\/index.php\/produit\/grace-raquette-a-dominante-tropicale\/#breadcrumb","itemListElement":[{"@type":"ListItem","position":1,"name":"Accueil","item":"https:\/\/unruffled-carver.54-38-190-255.plesk.page\/"},{"@type":"ListItem","position":2,"name":"Boutique","item":"https:\/\/unruffled-carver.54-38-190-255.plesk.page\/index.php\/boutique\/"},{"@type":"ListItem","position":3,"name":"Gr\u00e2ce &#8211; Raquette \u00e0 dominante tropicale"}]},{"@type":"WebSite","@id":"https:\/\/unruffled-carver.54-38-190-255.plesk.page\/#website","url":"https:\/\/unruffled-carver.54-38-190-255.plesk.page\/","name":"MILFLEURS - Site Internet de Vente de Fleurs en ligne - Guadeloupe","description":"Une Histoire de fleur","potentialAction":[{"@type":"SearchAction","target":{"@type":"EntryPoint","urlTemplate":"https:\/\/unruffled-carver.54-38-190-255.plesk.page\/?s={search_term_string}"},"query-input":"required name=search_term_string"}],"inLanguage":"fr-FR"}]}},"_links":{"self":[{"href":"https:\/\/unruffled-carver.54-38-190-255.plesk.page\/index.php\/wp-json\/wp\/v2\/product\/2549","targetHints":{"allow":["GET"]}}],"collection":[{"href":"https:\/\/unruffled-carver.54-38-190-255.plesk.page\/index.php\/wp-json\/wp\/v2\/product"}],"about":[{"href":"https:\/\/unruffled-carver.54-38-190-255.plesk.page\/index.php\/wp-json\/wp\/v2\/types\/product"}],"replies":[{"embeddable":true,"href":"https:\/\/unruffled-carver.54-38-190-255.plesk.page\/index.php\/wp-json\/wp\/v2\/comments?post=2549"}],"wp:featuredmedia":[{"embeddable":true,"href":"https:\/\/unruffled-carver.54-38-190-255.plesk.page\/index.php\/wp-json\/wp\/v2\/media\/2652"}],"wp:attachment":[{"href":"https:\/\/unruffled-carver.54-38-190-255.plesk.page\/index.php\/wp-json\/wp\/v2\/media?parent=2549"}],"wp:term":[{"taxonomy":"product_cat","embeddable":true,"href":"https:\/\/unruffled-carver.54-38-190-255.plesk.page\/index.php\/wp-json\/wp\/v2\/product_cat?post=2549"},{"taxonomy":"product_tag","embeddable":true,"href":"https:\/\/unruffled-carver.54-38-190-255.plesk.page\/index.php\/wp-json\/wp\/v2\/product_tag?post=2549"}],"curies":[{"name":"wp","href":"https:\/\/api.w.org\/{rel}","templated":true}]}}