{"id":2513,"date":"2021-07-27T20:43:48","date_gmt":"2021-07-27T20:43:48","guid":{"rendered":"https:\/\/unruffled-carver.54-38-190-255.plesk.page\/index.php\/produit\/serenite-couronne\/"},"modified":"2021-07-27T20:43:48","modified_gmt":"2021-07-27T20:43:48","slug":"serenite-couronne","status":"publish","type":"product","link":"https:\/\/unruffled-carver.54-38-190-255.plesk.page\/index.php\/produit\/serenite-couronne\/","title":{"rendered":"S\u00e9r\u00e9nit\u00e9 &#8211; Couronne"},"content":{"rendered":"<p>Diam&egrave;tre environ de 80 cm.<\/p>\n<p>Compos&eacute;e de roses, de spiders, d&#8217;oeillets et de chrysanth&egrave;mes, les couleurs chatoyantes apportent une note d&#8217;esp&eacute;rance.<\/p>\n","protected":false},"excerpt":{"rendered":"<p>Assez imposante, la couronne mortuaire se distingue nettement des autres &eacute;l&eacute;ments de deuil.<\/p>\n","protected":false},"featured_media":2670,"comment_status":"open","ping_status":"closed","template":"","meta":[],"product_cat":[85],"product_tag":[122,120,112,94,121,124,115,118,126,123,125,119],"class_list":{"0":"post-2513","1":"product","2":"type-product","3":"status-publish","4":"has-post-thumbnail","6":"product_cat-deuils","7":"product_tag-bd-desbranches","8":"product_tag-biras","9":"product_tag-couronne","10":"product_tag-deuil","11":"product_tag-dorocant","12":"product_tag-eglise","13":"product_tag-enterrement","14":"product_tag-gerbe","15":"product_tag-mosquee","16":"product_tag-pompes-funebres","17":"product_tag-synagogue","18":"product_tag-veillee-funebre","19":"notblog","21":"first","22":"instock","23":"taxable","24":"shipping-taxable","25":"purchasable","26":"product-type-simple"},"yoast_head":"<!-- This site is optimized with the Yoast SEO plugin v20.10 - https:\/\/yoast.com\/wordpress\/plugins\/seo\/ -->\n<title>S\u00e9r\u00e9nit\u00e9 - Couronne - MILFLEURS - Site Internet de Vente de Fleurs en ligne - Guadeloupe<\/title>\n<meta name=\"robots\" content=\"index, follow, max-snippet:-1, max-image-preview:large, max-video-preview:-1\" \/>\n<link rel=\"canonical\" href=\"https:\/\/unruffled-carver.54-38-190-255.plesk.page\/index.php\/produit\/serenite-couronne\/\" \/>\n<meta property=\"og:locale\" content=\"fr_FR\" \/>\n<meta property=\"og:type\" content=\"article\" \/>\n<meta property=\"og:title\" content=\"S\u00e9r\u00e9nit\u00e9 - Couronne - MILFLEURS - Site Internet de Vente de Fleurs en ligne - Guadeloupe\" \/>\n<meta property=\"og:description\" content=\"Assez imposante, la couronne mortuaire se distingue nettement des autres &eacute;l&eacute;ments de deuil.\" \/>\n<meta property=\"og:url\" content=\"https:\/\/unruffled-carver.54-38-190-255.plesk.page\/index.php\/produit\/serenite-couronne\/\" \/>\n<meta property=\"og:site_name\" content=\"MILFLEURS - Site Internet de Vente de Fleurs en ligne - Guadeloupe\" \/>\n<meta property=\"og:image\" content=\"https:\/\/unruffled-carver.54-38-190-255.plesk.page\/wp-content\/uploads\/2021\/07\/308-thickbox_default-Serenite-Couronne.jpg\" \/>\n\t<meta property=\"og:image:width\" content=\"800\" \/>\n\t<meta property=\"og:image:height\" content=\"800\" \/>\n\t<meta property=\"og:image:type\" content=\"image\/jpeg\" \/>\n<meta name=\"twitter:card\" content=\"summary_large_image\" \/>\n<script type=\"application\/ld+json\" class=\"yoast-schema-graph\">{\"@context\":\"https:\/\/schema.org\",\"@graph\":[{\"@type\":\"WebPage\",\"@id\":\"https:\/\/unruffled-carver.54-38-190-255.plesk.page\/index.php\/produit\/serenite-couronne\/\",\"url\":\"https:\/\/unruffled-carver.54-38-190-255.plesk.page\/index.php\/produit\/serenite-couronne\/\",\"name\":\"S\u00e9r\u00e9nit\u00e9 - Couronne - MILFLEURS - Site Internet de Vente de Fleurs en ligne - Guadeloupe\",\"isPartOf\":{\"@id\":\"https:\/\/unruffled-carver.54-38-190-255.plesk.page\/#website\"},\"datePublished\":\"2021-07-27T20:43:48+00:00\",\"dateModified\":\"2021-07-27T20:43:48+00:00\",\"breadcrumb\":{\"@id\":\"https:\/\/unruffled-carver.54-38-190-255.plesk.page\/index.php\/produit\/serenite-couronne\/#breadcrumb\"},\"inLanguage\":\"fr-FR\",\"potentialAction\":[{\"@type\":\"ReadAction\",\"target\":[\"https:\/\/unruffled-carver.54-38-190-255.plesk.page\/index.php\/produit\/serenite-couronne\/\"]}]},{\"@type\":\"BreadcrumbList\",\"@id\":\"https:\/\/unruffled-carver.54-38-190-255.plesk.page\/index.php\/produit\/serenite-couronne\/#breadcrumb\",\"itemListElement\":[{\"@type\":\"ListItem\",\"position\":1,\"name\":\"Accueil\",\"item\":\"https:\/\/unruffled-carver.54-38-190-255.plesk.page\/\"},{\"@type\":\"ListItem\",\"position\":2,\"name\":\"Boutique\",\"item\":\"https:\/\/unruffled-carver.54-38-190-255.plesk.page\/index.php\/boutique\/\"},{\"@type\":\"ListItem\",\"position\":3,\"name\":\"S\u00e9r\u00e9nit\u00e9 &#8211; Couronne\"}]},{\"@type\":\"WebSite\",\"@id\":\"https:\/\/unruffled-carver.54-38-190-255.plesk.page\/#website\",\"url\":\"https:\/\/unruffled-carver.54-38-190-255.plesk.page\/\",\"name\":\"MILFLEURS - Site Internet de Vente de Fleurs en ligne - Guadeloupe\",\"description\":\"Une Histoire de fleur\",\"potentialAction\":[{\"@type\":\"SearchAction\",\"target\":{\"@type\":\"EntryPoint\",\"urlTemplate\":\"https:\/\/unruffled-carver.54-38-190-255.plesk.page\/?s={search_term_string}\"},\"query-input\":\"required name=search_term_string\"}],\"inLanguage\":\"fr-FR\"}]}<\/script>\n<!-- \/ Yoast SEO plugin. -->","yoast_head_json":{"title":"S\u00e9r\u00e9nit\u00e9 - Couronne - MILFLEURS - Site Internet de Vente de Fleurs en ligne - Guadeloupe","robots":{"index":"index","follow":"follow","max-snippet":"max-snippet:-1","max-image-preview":"max-image-preview:large","max-video-preview":"max-video-preview:-1"},"canonical":"https:\/\/unruffled-carver.54-38-190-255.plesk.page\/index.php\/produit\/serenite-couronne\/","og_locale":"fr_FR","og_type":"article","og_title":"S\u00e9r\u00e9nit\u00e9 - Couronne - MILFLEURS - Site Internet de Vente de Fleurs en ligne - Guadeloupe","og_description":"Assez imposante, la couronne mortuaire se distingue nettement des autres &eacute;l&eacute;ments de deuil.","og_url":"https:\/\/unruffled-carver.54-38-190-255.plesk.page\/index.php\/produit\/serenite-couronne\/","og_site_name":"MILFLEURS - Site Internet de Vente de Fleurs en ligne - Guadeloupe","og_image":[{"width":800,"height":800,"url":"https:\/\/unruffled-carver.54-38-190-255.plesk.page\/wp-content\/uploads\/2021\/07\/308-thickbox_default-Serenite-Couronne.jpg","type":"image\/jpeg"}],"twitter_card":"summary_large_image","schema":{"@context":"https:\/\/schema.org","@graph":[{"@type":"WebPage","@id":"https:\/\/unruffled-carver.54-38-190-255.plesk.page\/index.php\/produit\/serenite-couronne\/","url":"https:\/\/unruffled-carver.54-38-190-255.plesk.page\/index.php\/produit\/serenite-couronne\/","name":"S\u00e9r\u00e9nit\u00e9 - Couronne - MILFLEURS - Site Internet de Vente de Fleurs en ligne - Guadeloupe","isPartOf":{"@id":"https:\/\/unruffled-carver.54-38-190-255.plesk.page\/#website"},"datePublished":"2021-07-27T20:43:48+00:00","dateModified":"2021-07-27T20:43:48+00:00","breadcrumb":{"@id":"https:\/\/unruffled-carver.54-38-190-255.plesk.page\/index.php\/produit\/serenite-couronne\/#breadcrumb"},"inLanguage":"fr-FR","potentialAction":[{"@type":"ReadAction","target":["https:\/\/unruffled-carver.54-38-190-255.plesk.page\/index.php\/produit\/serenite-couronne\/"]}]},{"@type":"BreadcrumbList","@id":"https:\/\/unruffled-carver.54-38-190-255.plesk.page\/index.php\/produit\/serenite-couronne\/#breadcrumb","itemListElement":[{"@type":"ListItem","position":1,"name":"Accueil","item":"https:\/\/unruffled-carver.54-38-190-255.plesk.page\/"},{"@type":"ListItem","position":2,"name":"Boutique","item":"https:\/\/unruffled-carver.54-38-190-255.plesk.page\/index.php\/boutique\/"},{"@type":"ListItem","position":3,"name":"S\u00e9r\u00e9nit\u00e9 &#8211; Couronne"}]},{"@type":"WebSite","@id":"https:\/\/unruffled-carver.54-38-190-255.plesk.page\/#website","url":"https:\/\/unruffled-carver.54-38-190-255.plesk.page\/","name":"MILFLEURS - Site Internet de Vente de Fleurs en ligne - Guadeloupe","description":"Une Histoire de fleur","potentialAction":[{"@type":"SearchAction","target":{"@type":"EntryPoint","urlTemplate":"https:\/\/unruffled-carver.54-38-190-255.plesk.page\/?s={search_term_string}"},"query-input":"required name=search_term_string"}],"inLanguage":"fr-FR"}]}},"_links":{"self":[{"href":"https:\/\/unruffled-carver.54-38-190-255.plesk.page\/index.php\/wp-json\/wp\/v2\/product\/2513","targetHints":{"allow":["GET"]}}],"collection":[{"href":"https:\/\/unruffled-carver.54-38-190-255.plesk.page\/index.php\/wp-json\/wp\/v2\/product"}],"about":[{"href":"https:\/\/unruffled-carver.54-38-190-255.plesk.page\/index.php\/wp-json\/wp\/v2\/types\/product"}],"replies":[{"embeddable":true,"href":"https:\/\/unruffled-carver.54-38-190-255.plesk.page\/index.php\/wp-json\/wp\/v2\/comments?post=2513"}],"wp:featuredmedia":[{"embeddable":true,"href":"https:\/\/unruffled-carver.54-38-190-255.plesk.page\/index.php\/wp-json\/wp\/v2\/media\/2670"}],"wp:attachment":[{"href":"https:\/\/unruffled-carver.54-38-190-255.plesk.page\/index.php\/wp-json\/wp\/v2\/media?parent=2513"}],"wp:term":[{"taxonomy":"product_cat","embeddable":true,"href":"https:\/\/unruffled-carver.54-38-190-255.plesk.page\/index.php\/wp-json\/wp\/v2\/product_cat?post=2513"},{"taxonomy":"product_tag","embeddable":true,"href":"https:\/\/unruffled-carver.54-38-190-255.plesk.page\/index.php\/wp-json\/wp\/v2\/product_tag?post=2513"}],"curies":[{"name":"wp","href":"https:\/\/api.w.org\/{rel}","templated":true}]}}