{"id":2249,"date":"2018-04-19T11:26:18","date_gmt":"2018-04-19T11:26:18","guid":{"rendered":"http:\/\/wordpress.magikthemes.com\/creta\/?page_id=2249"},"modified":"2024-04-15T11:02:00","modified_gmt":"2024-04-15T11:02:00","slug":"faqs-page","status":"publish","type":"page","link":"https:\/\/unruffled-carver.54-38-190-255.plesk.page\/index.php\/faqs-page\/","title":{"rendered":"Foire Aux Questions"},"content":{"rendered":"<div class=\"faq-wrapper\">\n<div class=\"faq-box\">\n<h4>D\u00e9sactivation<\/h4>\n<div id=\"accordion10\" class=\"panel-group\">\n<div class=\"panel panel-default\">\n<div class=\"panel-heading\">\n<h5 class=\"panel-title\"><a class=\"collapsed\" href=\"#collapse21\" data-toggle=\"collapse\" data-parent=\"#accordion10\" aria-expanded=\"false\">Comment d\u00e9sactiver mon compte ?<i class=\"fa fa-angle-up\" aria-hidden=\"true\"><\/i><\/a><\/h5>\n<\/div>\n<div id=\"collapse21\" class=\"panel-collapse collapse\" style=\"height: 0px;\" aria-expanded=\"false\">\n<div class=\"panel-body\">\n<p>Pour d\u00e9sactiver votre compte, veuillez nous contacter directement via notre service client par e-mail ou par t\u00e9l\u00e9phone. Nous proc\u00e9derons \u00e0 la d\u00e9sactivation apr\u00e8s v\u00e9rification de votre identit\u00e9.<\/p>\n<\/div>\n<\/div>\n<\/div>\n<\/div>\n<\/div>\n<div class=\"faq-box\">\n<h4>Op\u00e9rations \/ Gestion du site<\/h4>\n<div id=\"accordion12\" class=\"panel-group\">\n<div class=\"panel panel-default\">\n<div class=\"panel-heading\">\n<h5 class=\"panel-title\"><a class=\"collapsed\" href=\"#collapse25\" data-toggle=\"collapse\" data-parent=\"#accordion12\" aria-expanded=\"false\">Comment puis-je suivre mes commandes et paiements ?<i class=\"fa fa-angle-up\" aria-hidden=\"true\"><\/i><\/a><\/h5>\n<\/div>\n<div id=\"collapse25\" class=\"panel-collapse collapse\" style=\"height: 0px;\" aria-expanded=\"false\">\n<div class=\"panel-body\">\n<p>Vous pouvez suivre l&#8217;\u00e9tat de votre commande et de vos paiements en vous connectant \u00e0 votre compte sur notre site. Une fois connect\u00e9, acc\u00e9dez \u00e0 la section &#8220;Mes commandes&#8221; o\u00f9 vous trouverez toutes les informations n\u00e9cessaires.<\/p>\n<\/div>\n<\/div>\n<\/div>\n<\/div>\n<\/div>\n<div class=\"faq-box\">\n<h4>Livraison<\/h4>\n<div id=\"accordion13\" class=\"panel-group\">\n<div class=\"panel panel-default\">\n<div class=\"panel-heading\">\n<h5 class=\"panel-title\"><a class=\"\" href=\"#collapse27\" data-toggle=\"collapse\" data-parent=\"#accordion13\">Comment puis-je changer mon adresse de livraison ?<i class=\"fa fa-angle-up\" aria-hidden=\"true\"><\/i><\/a><\/h5>\n<\/div>\n<div id=\"collapse27\" class=\"panel-collapse collapse\">\n<div class=\"panel-body\">\n<p>Vous pouvez changer votre adresse de livraison pour une commande future en acc\u00e9dant \u00e0 la section &#8220;Mon compte&#8221; et en s\u00e9lectionnant &#8220;Adresses&#8221;. Pour modifier l&#8217;adresse pour une commande en cours, veuillez contacter le service client\u00e8le d\u00e8s que possible.<\/p>\n<\/div>\n<\/div>\n<\/div>\n<\/div>\n<\/div>\n<div class=\"faq-box\">\n<h4>Annulation commande<\/h4>\n<div id=\"accordion14\" class=\"panel-group\">\n<div class=\"panel panel-default\">\n<div class=\"panel-heading\">\n<h5 class=\"panel-title\"><a class=\"\" href=\"#collapse29\" data-toggle=\"collapse\" data-parent=\"#accordion14\">Comment puis-je annuler ma commande avant d&#8217;effectuer le paiement ?<i class=\"fa fa-angle-up\" aria-hidden=\"true\"><\/i><\/a><\/h5>\n<\/div>\n<div id=\"collapse29\" class=\"panel-collapse collapse\">\n<div class=\"panel-body\">\n<p>Pour annuler une commande avant son paiement, vous pouvez le faire directement depuis votre compte sous la section &#8220;Mes commandes&#8221;. Si le statut de la commande permet l&#8217;annulation, vous verrez une option pour annuler votre commande. Sinon, contactez notre service client.<\/p>\n<\/div>\n<\/div>\n<\/div>\n<\/div>\n<\/div>\n<div class=\"faq-box\">\n<h4>Paiements<\/h4>\n<div id=\"accordion15\" class=\"panel-group\">\n<div class=\"panel panel-default\">\n<div class=\"panel-heading\">\n<h5 class=\"panel-title\"><a class=\"\" href=\"#collapse31\" data-toggle=\"collapse\" data-parent=\"#accordion15\">Quels sont les moyens de paiement disponibles ?<i class=\"fa fa-angle-up\" aria-hidden=\"true\"><\/i><\/a><\/h5>\n<\/div>\n<div id=\"collapse31\" class=\"panel-collapse collapse\">\n<div class=\"panel-body\">\n<p>Nous acceptons les paiements par carte de cr\u00e9dit, PayPal et virement bancaire. Tous les paiements sont s\u00e9curis\u00e9s pour assurer la protection de vos informations personnelles.<\/p>\n<\/div>\n<\/div>\n<\/div>\n<\/div>\n<\/div>\n<\/div>\n<div class=\"faq-block\">\n<h4>FAQ &#8211; MILFLEURS<\/h4>\n<div class=\"question-block\">\n<h4>Quels moyens de paiement acceptez-vous ?<\/h4>\n<p>Nous acceptons plusieurs moyens de paiement pour faciliter vos achats sur notre site. Vous pouvez r\u00e9gler vos commandes par carte de cr\u00e9dit (Visa, MasterCard, American Express), PayPal, ou par virement bancaire. Toutes les transactions sont s\u00e9curis\u00e9es pour garantir la protection de vos informations personnelles.<\/p>\n<h4>Dois-je signer un contrat \u00e0 long terme ?<\/h4>\n<p>Non, vous n&#8217;avez pas besoin de signer un contrat \u00e0 long terme pour acheter sur notre site. Vous pouvez faire vos achats \u00e0 la demande et il n&#8217;y a aucun engagement de dur\u00e9e requise. Nous offrons \u00e9galement des abonnements pour nos arrangements floraux, mais ceux-ci sont flexibles et peuvent \u00eatre annul\u00e9s \u00e0 tout moment selon nos conditions d&#8217;annulation.<\/p>\n<h4>Comment puis-je mettre \u00e0 jour la carte de cr\u00e9dit sur mon compte ?<\/h4>\n<p>Pour mettre \u00e0 jour les informations de votre carte de cr\u00e9dit, veuillez vous connecter \u00e0 votre compte sur notre site. Une fois connect\u00e9, rendez-vous dans la section &#8220;Informations de paiement&#8221; o\u00f9 vous pourrez modifier ou supprimer vos cartes de cr\u00e9dit enregistr\u00e9es. Si vous rencontrez des difficult\u00e9s, n&#8217;h\u00e9sitez pas \u00e0 contacter notre service client\u00e8le qui pourra vous assister.<\/p>\n<h4>La TVA est-elle collect\u00e9e ?<\/h4>\n<p>Oui, la TVA est collect\u00e9e sur tous les achats conform\u00e9ment \u00e0 la l\u00e9gislation en vigueur. Le montant de la TVA applicable est calcul\u00e9 en fonction du taux en vigueur au moment de la transaction. Le total, incluant la TVA, sera clairement indiqu\u00e9 lors du processus de paiement avant la finalisation de votre achat.<\/p>\n<h4>Comment puis-je mettre \u00e0 jour la carte de cr\u00e9dit sur mon compte ? 2<\/h4>\n<p>Pour mettre \u00e0 jour les informations de votre carte de cr\u00e9dit, connectez-vous \u00e0 votre compte sur notre site web. Allez dans la section &#8220;Mes moyens de paiement&#8221; et vous aurez la possibilit\u00e9 d&#8217;ajouter, de modifier ou de supprimer vos cartes enregistr\u00e9es. Si vous avez besoin d&#8217;assistance suppl\u00e9mentaire, notre service client\u00e8le est \u00e0 votre disposition pour vous aider.<\/p>\n<\/div>\n<\/div>\n","protected":false},"excerpt":{"rendered":"<p>D\u00e9sactivation Comment d\u00e9sactiver mon compte ? Pour d\u00e9sactiver votre compte, veuillez nous contacter directement via notre service client par e-mail ou par t\u00e9l\u00e9phone. Nous proc\u00e9derons \u00e0 la d\u00e9sactivation apr\u00e8s v\u00e9rification de votre identit\u00e9. Op\u00e9rations \/ Gestion du site Comment puis-je suivre mes commandes et paiements ? Vous pouvez suivre l&#8217;\u00e9tat de votre commande et de [&hellip;]<\/p>\n","protected":false},"author":1,"featured_media":0,"parent":0,"menu_order":0,"comment_status":"closed","ping_status":"closed","template":"","meta":{"footnotes":""},"class_list":["post-2249","page","type-page","status-publish","hentry","notblog"],"yoast_head":"<!-- This site is optimized with the Yoast SEO plugin v20.10 - https:\/\/yoast.com\/wordpress\/plugins\/seo\/ -->\n<title>Foire Aux Questions - MILFLEURS - Site Internet de Vente de Fleurs en ligne - Guadeloupe<\/title>\n<meta name=\"robots\" content=\"index, follow, max-snippet:-1, max-image-preview:large, max-video-preview:-1\" \/>\n<link rel=\"canonical\" href=\"https:\/\/unruffled-carver.54-38-190-255.plesk.page\/index.php\/faqs-page\/\" \/>\n<meta property=\"og:locale\" content=\"fr_FR\" \/>\n<meta property=\"og:type\" content=\"article\" \/>\n<meta property=\"og:title\" content=\"Foire Aux Questions - MILFLEURS - Site Internet de Vente de Fleurs en ligne - Guadeloupe\" \/>\n<meta property=\"og:description\" content=\"D\u00e9sactivation Comment d\u00e9sactiver mon compte ? Pour d\u00e9sactiver votre compte, veuillez nous contacter directement via notre service client par e-mail ou par t\u00e9l\u00e9phone. Nous proc\u00e9derons \u00e0 la d\u00e9sactivation apr\u00e8s v\u00e9rification de votre identit\u00e9. Op\u00e9rations \/ Gestion du site Comment puis-je suivre mes commandes et paiements ? Vous pouvez suivre l&#8217;\u00e9tat de votre commande et de [&hellip;]\" \/>\n<meta property=\"og:url\" content=\"https:\/\/unruffled-carver.54-38-190-255.plesk.page\/index.php\/faqs-page\/\" \/>\n<meta property=\"og:site_name\" content=\"MILFLEURS - Site Internet de Vente de Fleurs en ligne - Guadeloupe\" \/>\n<meta property=\"article:modified_time\" content=\"2024-04-15T11:02:00+00:00\" \/>\n<meta name=\"twitter:card\" content=\"summary_large_image\" \/>\n<meta name=\"twitter:label1\" content=\"Dur\u00e9e de lecture estim\u00e9e\" \/>\n\t<meta name=\"twitter:data1\" content=\"3 minutes\" \/>\n<script type=\"application\/ld+json\" class=\"yoast-schema-graph\">{\"@context\":\"https:\/\/schema.org\",\"@graph\":[{\"@type\":\"WebPage\",\"@id\":\"https:\/\/unruffled-carver.54-38-190-255.plesk.page\/index.php\/faqs-page\/\",\"url\":\"https:\/\/unruffled-carver.54-38-190-255.plesk.page\/index.php\/faqs-page\/\",\"name\":\"Foire Aux Questions - MILFLEURS - Site Internet de Vente de Fleurs en ligne - Guadeloupe\",\"isPartOf\":{\"@id\":\"https:\/\/unruffled-carver.54-38-190-255.plesk.page\/#website\"},\"datePublished\":\"2018-04-19T11:26:18+00:00\",\"dateModified\":\"2024-04-15T11:02:00+00:00\",\"breadcrumb\":{\"@id\":\"https:\/\/unruffled-carver.54-38-190-255.plesk.page\/index.php\/faqs-page\/#breadcrumb\"},\"inLanguage\":\"fr-FR\",\"potentialAction\":[{\"@type\":\"ReadAction\",\"target\":[\"https:\/\/unruffled-carver.54-38-190-255.plesk.page\/index.php\/faqs-page\/\"]}]},{\"@type\":\"BreadcrumbList\",\"@id\":\"https:\/\/unruffled-carver.54-38-190-255.plesk.page\/index.php\/faqs-page\/#breadcrumb\",\"itemListElement\":[{\"@type\":\"ListItem\",\"position\":1,\"name\":\"Accueil\",\"item\":\"https:\/\/unruffled-carver.54-38-190-255.plesk.page\/\"},{\"@type\":\"ListItem\",\"position\":2,\"name\":\"Foire Aux Questions\"}]},{\"@type\":\"WebSite\",\"@id\":\"https:\/\/unruffled-carver.54-38-190-255.plesk.page\/#website\",\"url\":\"https:\/\/unruffled-carver.54-38-190-255.plesk.page\/\",\"name\":\"MILFLEURS - Site Internet de Vente de Fleurs en ligne - Guadeloupe\",\"description\":\"Une Histoire de fleur\",\"potentialAction\":[{\"@type\":\"SearchAction\",\"target\":{\"@type\":\"EntryPoint\",\"urlTemplate\":\"https:\/\/unruffled-carver.54-38-190-255.plesk.page\/?s={search_term_string}\"},\"query-input\":\"required name=search_term_string\"}],\"inLanguage\":\"fr-FR\"}]}<\/script>\n<!-- \/ Yoast SEO plugin. -->","yoast_head_json":{"title":"Foire Aux Questions - MILFLEURS - Site Internet de Vente de Fleurs en ligne - Guadeloupe","robots":{"index":"index","follow":"follow","max-snippet":"max-snippet:-1","max-image-preview":"max-image-preview:large","max-video-preview":"max-video-preview:-1"},"canonical":"https:\/\/unruffled-carver.54-38-190-255.plesk.page\/index.php\/faqs-page\/","og_locale":"fr_FR","og_type":"article","og_title":"Foire Aux Questions - MILFLEURS - Site Internet de Vente de Fleurs en ligne - Guadeloupe","og_description":"D\u00e9sactivation Comment d\u00e9sactiver mon compte ? Pour d\u00e9sactiver votre compte, veuillez nous contacter directement via notre service client par e-mail ou par t\u00e9l\u00e9phone. Nous proc\u00e9derons \u00e0 la d\u00e9sactivation apr\u00e8s v\u00e9rification de votre identit\u00e9. Op\u00e9rations \/ Gestion du site Comment puis-je suivre mes commandes et paiements ? Vous pouvez suivre l&#8217;\u00e9tat de votre commande et de [&hellip;]","og_url":"https:\/\/unruffled-carver.54-38-190-255.plesk.page\/index.php\/faqs-page\/","og_site_name":"MILFLEURS - Site Internet de Vente de Fleurs en ligne - Guadeloupe","article_modified_time":"2024-04-15T11:02:00+00:00","twitter_card":"summary_large_image","twitter_misc":{"Dur\u00e9e de lecture estim\u00e9e":"3 minutes"},"schema":{"@context":"https:\/\/schema.org","@graph":[{"@type":"WebPage","@id":"https:\/\/unruffled-carver.54-38-190-255.plesk.page\/index.php\/faqs-page\/","url":"https:\/\/unruffled-carver.54-38-190-255.plesk.page\/index.php\/faqs-page\/","name":"Foire Aux Questions - MILFLEURS - Site Internet de Vente de Fleurs en ligne - Guadeloupe","isPartOf":{"@id":"https:\/\/unruffled-carver.54-38-190-255.plesk.page\/#website"},"datePublished":"2018-04-19T11:26:18+00:00","dateModified":"2024-04-15T11:02:00+00:00","breadcrumb":{"@id":"https:\/\/unruffled-carver.54-38-190-255.plesk.page\/index.php\/faqs-page\/#breadcrumb"},"inLanguage":"fr-FR","potentialAction":[{"@type":"ReadAction","target":["https:\/\/unruffled-carver.54-38-190-255.plesk.page\/index.php\/faqs-page\/"]}]},{"@type":"BreadcrumbList","@id":"https:\/\/unruffled-carver.54-38-190-255.plesk.page\/index.php\/faqs-page\/#breadcrumb","itemListElement":[{"@type":"ListItem","position":1,"name":"Accueil","item":"https:\/\/unruffled-carver.54-38-190-255.plesk.page\/"},{"@type":"ListItem","position":2,"name":"Foire Aux Questions"}]},{"@type":"WebSite","@id":"https:\/\/unruffled-carver.54-38-190-255.plesk.page\/#website","url":"https:\/\/unruffled-carver.54-38-190-255.plesk.page\/","name":"MILFLEURS - Site Internet de Vente de Fleurs en ligne - Guadeloupe","description":"Une Histoire de fleur","potentialAction":[{"@type":"SearchAction","target":{"@type":"EntryPoint","urlTemplate":"https:\/\/unruffled-carver.54-38-190-255.plesk.page\/?s={search_term_string}"},"query-input":"required name=search_term_string"}],"inLanguage":"fr-FR"}]}},"_links":{"self":[{"href":"https:\/\/unruffled-carver.54-38-190-255.plesk.page\/index.php\/wp-json\/wp\/v2\/pages\/2249","targetHints":{"allow":["GET"]}}],"collection":[{"href":"https:\/\/unruffled-carver.54-38-190-255.plesk.page\/index.php\/wp-json\/wp\/v2\/pages"}],"about":[{"href":"https:\/\/unruffled-carver.54-38-190-255.plesk.page\/index.php\/wp-json\/wp\/v2\/types\/page"}],"author":[{"embeddable":true,"href":"https:\/\/unruffled-carver.54-38-190-255.plesk.page\/index.php\/wp-json\/wp\/v2\/users\/1"}],"replies":[{"embeddable":true,"href":"https:\/\/unruffled-carver.54-38-190-255.plesk.page\/index.php\/wp-json\/wp\/v2\/comments?post=2249"}],"version-history":[{"count":6,"href":"https:\/\/unruffled-carver.54-38-190-255.plesk.page\/index.php\/wp-json\/wp\/v2\/pages\/2249\/revisions"}],"predecessor-version":[{"id":2885,"href":"https:\/\/unruffled-carver.54-38-190-255.plesk.page\/index.php\/wp-json\/wp\/v2\/pages\/2249\/revisions\/2885"}],"wp:attachment":[{"href":"https:\/\/unruffled-carver.54-38-190-255.plesk.page\/index.php\/wp-json\/wp\/v2\/media?parent=2249"}],"curies":[{"name":"wp","href":"https:\/\/api.w.org\/{rel}","templated":true}]}}