{"id":2240,"date":"2018-04-19T11:22:11","date_gmt":"2018-04-19T11:22:11","guid":{"rendered":"http:\/\/wordpress.magikthemes.com\/creta\/?page_id=2240"},"modified":"2024-04-16T14:34:47","modified_gmt":"2024-04-16T14:34:47","slug":"qui-sommes-nous","status":"publish","type":"page","link":"https:\/\/unruffled-carver.54-38-190-255.plesk.page\/index.php\/qui-sommes-nous\/","title":{"rendered":"Qui sommes nous ?"},"content":{"rendered":"<div class=\"wrap-about\">\n<div class=\"about-content-tab\">\n<div class=\"content-inner over-view\">\n<div class=\"images\"><a href=\"https:\/\/unruffled-carver.54-38-190-255.plesk.page\/wp-content\/uploads\/2024\/04\/about-img3333-1.jpg\"><img loading=\"lazy\" decoding=\"async\" class=\"alignnone size-full wp-image-3004\" src=\"https:\/\/unruffled-carver.54-38-190-255.plesk.page\/wp-content\/uploads\/2024\/04\/about-img3333-1.jpg\" alt=\"\" width=\"1140\" height=\"350\" srcset=\"https:\/\/unruffled-carver.54-38-190-255.plesk.page\/wp-content\/uploads\/2024\/04\/about-img3333-1.jpg 1140w, https:\/\/unruffled-carver.54-38-190-255.plesk.page\/wp-content\/uploads\/2024\/04\/about-img3333-1-300x92.jpg 300w, https:\/\/unruffled-carver.54-38-190-255.plesk.page\/wp-content\/uploads\/2024\/04\/about-img3333-1-1024x314.jpg 1024w, https:\/\/unruffled-carver.54-38-190-255.plesk.page\/wp-content\/uploads\/2024\/04\/about-img3333-1-768x236.jpg 768w, https:\/\/unruffled-carver.54-38-190-255.plesk.page\/wp-content\/uploads\/2024\/04\/about-img3333-1-600x184.jpg 600w\" sizes=\"auto, (max-width: 1140px) 100vw, 1140px\" \/><\/a><\/div>\n<div class=\"text-about\">\n<h3>Votre Fleuriste en Guadeloupe<\/h3>\n<p>Bienvenue chez MILFLEURS, votre sp\u00e9cialiste de la vente de fleurs en Guadeloupe. Fond\u00e9e avec passion et d\u00e9vouement, notre entreprise s&#8217;efforce de fournir non seulement des fleurs fra\u00eeches et de qualit\u00e9 mais aussi des cr\u00e9ations florales uniques qui ajoutent une touche sp\u00e9ciale \u00e0 chaque occasion.<\/p>\n<\/div>\n<div class=\"text-about\">\n<h3>Une Organisation Ancr\u00e9e dans la Communaut\u00e9 Locale<\/h3>\n<p>Chez MILFLEURS, nous sommes fiers d&#8217;\u00eatre une partie int\u00e9grante de la communaut\u00e9 guadeloup\u00e9enne. Chaque bouquet et arrangement que nous cr\u00e9ons est le fruit d&#8217;un travail minutieux r\u00e9alis\u00e9 par des artisans fleuristes locaux, qui puisent leur inspiration dans la splendeur et la diversit\u00e9 florale de notre \u00eele. Nous travaillons avec des producteurs locaux pour assurer que chaque fleur livr\u00e9e est aussi fra\u00eeche et durable que possible. Nous importons ce que nous ne produisons pas localement (les fleurs temp\u00e9r\u00e9es) de Colombie et de la Hollande.<\/p>\n<\/div>\n<div class=\"row\">\n<div class=\"col-sm-4 col-xs-12\">\n<div class=\"imagebox style2\">\n<div class=\"imagebox-content\">\n<h3><a title=\"\" href=\"#\">Livraison en Guadeloupe Continentale<\/a><\/h3>\n<p>Nous savons combien il est crucial de b\u00e9n\u00e9ficier d&#8217;un service impeccable. C&#8217;est pourquoi nous proposons une gamme compl\u00e8te d&#8217;options de livraison \u00e0 travers toute la Guadeloupe. De plus, vous avez la possibilit\u00e9 de payer et de r\u00e9cup\u00e9rer vos commandes directement en magasin en choisissant l&#8217;option \u00ab R\u00e9cup\u00e9ration en magasin \u2013 Pick up in-store \u00bb sur notre site. Que ce soit pour un anniversaire, un mariage ou tout autre \u00e9v\u00e9nement significatif, nous garantissons que vos fleurs seront livr\u00e9es ponctuellement et dans un \u00e9tat impeccable.<\/p>\n<\/div>\n<\/div>\n<\/div>\n<div class=\"col-sm-4 col-xs-12\">\n<div class=\"imagebox style2\">\n<div class=\"imagebox-content\">\n<h3><a title=\"\" href=\"#\">Support Client 24\/7<\/a><\/h3>\n<p>Notre \u00e9quipe est disponible \u00e0 tout moment pour r\u00e9pondre \u00e0 vos questions et vous aider \u00e0 choisir le parfait arrangement floral. Chez MILFLEURS, chaque client est pr\u00e9cieux et nous nous engageons \u00e0 fournir une exp\u00e9rience personnalis\u00e9e et satisfaisante.<\/p>\n<\/div>\n<\/div>\n<\/div>\n<div class=\"col-sm-4 col-xs-12\">\n<div class=\"imagebox style2\">\n<div class=\"imagebox-content\">\n<h3><a title=\"\" href=\"#\">Nous aimons les Id\u00e9es Innovantes<\/a><\/h3>\n<p>L&#8217;innovation est au c\u0153ur de notre d\u00e9marche. Nous aimons exp\u00e9rimenter de nouvelles compositions et introduire des concepts floraux innovants qui surprennent et ravissent nos clients. Chaque saison apporte de nouvelles inspirations et de nouvelles opportunit\u00e9s pour nous de briller.<\/p>\n<\/div>\n<\/div>\n<\/div>\n<div class=\"clearfix\"><\/div>\n<\/div>\n<div class=\"text-about\">\n<h3>Commencez avec un Petit Geste<\/h3>\n<p>Il est bien connu que les fleurs ont le pouvoir de transformer une journ\u00e9e ordinaire en un moment sp\u00e9cial. Chez MILFLEURS, m\u00eame un petit bouquet fait avec soin peut faire une grande impression. Nous invitons nos clients \u00e0 commencer avec un petit geste floral pour d\u00e9couvrir la qualit\u00e9 et la beaut\u00e9 de nos produits.<\/p>\n<\/div>\n<div class=\"we-about\">\n<div class=\"row\">\n<div class=\"col-sm-6 col-xs-12\">\n<div class=\"title\"><strong>NOUS SOMMES :<br \/>\n<\/strong><\/div>\n<ul>\n<li>&#8211; Passionn\u00e9s par les fleurs et d\u00e9di\u00e9s \u00e0 l&#8217;excellence du service.<\/li>\n<li>&#8211; Enracin\u00e9s dans notre communaut\u00e9 locale, valorisant des produits locaux.<\/li>\n<li>&#8211; Innovateurs, toujours \u00e0 la recherche de nouvelles id\u00e9es pour \u00e9tonner et captiver.<\/li>\n<\/ul>\n<\/div>\n<div class=\"col-sm-6 col-xs-12\">\n<div class=\"title\"><strong>CE QUE NOUS NE FAISONS PAS :<br \/>\n<\/strong><\/div>\n<ul>\n<li>&#8211; Compromettre sur la qualit\u00e9. Chaque fleur est choisie scrupuleusement.<\/li>\n<li>&#8211; Ignorer les demandes et pr\u00e9f\u00e9rences de nos clients. Votre satisfaction est notre priorit\u00e9.<\/li>\n<li>&#8211; Cesser d&#8217;apprendre et de s&#8217;adapter aux nouvelles tendances du monde floral.<\/li>\n<\/ul>\n<p><strong>Chez MILFLEURS, nous ne vendons pas seulement des fleurs, nous cr\u00e9ons des \u00e9motions. Visitez-nous pour d\u00e9couvrir comment nous pouvons embellir votre espace ou votre \u00e9v\u00e9nement avec la perfection et l&#8217;\u00e9l\u00e9gance de la nature.<\/strong><\/p>\n<\/div>\n<\/div>\n<\/div>\n<\/div>\n<\/div>\n<\/div>\n<section class=\"flat-team\">\n<div class=\"row\">\n<div class=\"col-sm-12 col-xs-12\">\n<div class=\"page-title\">\n<h2 class=\"entry-title\">Notre \u00e9quipe de Fleuristes<\/h2>\n<\/div>\n<\/div>\n<div class=\"col-md-3 col-sm-3 col-xs-12\">\n<div class=\"team-item\">\n<div class=\"team-image\">\n<p><img loading=\"lazy\" decoding=\"async\" width=\"300\" height=\"300\" class=\"alignnone size-full wp-image-2257\" src=\"https:\/\/unruffled-carver.54-38-190-255.plesk.page\/wp-content\/uploads\/2024\/04\/member1.jpg\" alt=\"member1\" \/><\/p>\n<\/div>\n<div class=\"team-content\">\n<div class=\"name\">Corinne<\/div>\n<div class=\"options\"><\/div>\n<\/div>\n<div class=\"team-content hover\">\n<div class=\"name\">Corinne<\/div>\n<div class=\"options\"><\/div>\n<ul>\n<li><\/li>\n<li><\/li>\n<li><\/li>\n<li><\/li>\n<\/ul>\n<\/div>\n<\/div>\n<\/div>\n<div class=\"col-md-3 col-sm-3 col-xs-12\">\n<div class=\"team-item\">\n<div class=\"team-image\"><img decoding=\"async\" class=\"alignnone size-full wp-image-2258\" src=\"https:\/\/unruffled-carver.54-38-190-255.plesk.page\/wp-content\/uploads\/2024\/04\/member6.jpg\" alt=\"member2\" \/><\/div>\n<div class=\"team-content\">\n<div class=\"name\">Lucie<\/div>\n<div class=\"options\"><\/div>\n<\/div>\n<div class=\"team-content hover\">\n<div class=\"name\">Lucie<\/div>\n<div class=\"options\"><\/div>\n<ul>\n<li><\/li>\n<li><\/li>\n<li><\/li>\n<li><\/li>\n<\/ul>\n<\/div>\n<\/div>\n<\/div>\n<div class=\"col-md-3 col-sm-3 col-xs-12\">\n<div class=\"team-item\">\n<div class=\"team-image\"><img loading=\"lazy\" decoding=\"async\" width=\"300\" height=\"300\" class=\"alignnone size-full wp-image-2255\" src=\"https:\/\/unruffled-carver.54-38-190-255.plesk.page\/wp-content\/uploads\/2024\/04\/member3.jpg\" alt=\"member3\" \/><\/div>\n<div class=\"team-content\">\n<div class=\"name\">Marie-alice<\/div>\n<div class=\"options\"><\/div>\n<\/div>\n<div class=\"team-content hover\">\n<div class=\"name\">Marie-alice<\/div>\n<div class=\"options\"><\/div>\n<ul>\n<li><\/li>\n<li><\/li>\n<li><\/li>\n<li><\/li>\n<\/ul>\n<\/div>\n<\/div>\n<\/div>\n<div class=\"col-md-3 col-sm-3 col-xs-12\">\n<div class=\"team-item\">\n<div class=\"team-image\"><img decoding=\"async\" class=\"alignnone size-full wp-image-2256\" src=\"https:\/\/unruffled-carver.54-38-190-255.plesk.page\/wp-content\/uploads\/2024\/04\/member7.jpg\" alt=\"member4\" \/><\/div>\n<div class=\"team-content\">\n<div class=\"name\">Murielle<\/div>\n<div class=\"options\"><\/div>\n<\/div>\n<div class=\"team-content hover\">\n<div class=\"name\">Murielle<\/div>\n<div class=\"options\"><\/div>\n<ul>\n<li><\/li>\n<li><\/li>\n<li><\/li>\n<li><\/li>\n<\/ul>\n<\/div>\n<\/div>\n<\/div>\n<\/div>\n<div class=\"col-md-3 col-sm-3 col-xs-12\">\n<div class=\"team-item\">\n<div class=\"team-image\"><img decoding=\"async\" class=\"alignnone size-full wp-image-2256\" src=\"https:\/\/unruffled-carver.54-38-190-255.plesk.page\/wp-content\/uploads\/2024\/04\/member8.jpg\" alt=\"member4\" \/><\/div>\n<div class=\"team-content\">\n<div class=\"name\">Nicole<\/div>\n<div class=\"options\"><\/div>\n<\/div>\n<div class=\"team-content hover\">\n<div class=\"name\">Nicole<\/div>\n<div class=\"options\"><\/div>\n<ul>\n<li><\/li>\n<li><\/li>\n<li><\/li>\n<li><\/li>\n<\/ul>\n<\/div>\n<\/div>\n<\/div>\n<\/section>\n","protected":false},"excerpt":{"rendered":"<p>Votre Fleuriste en Guadeloupe Bienvenue chez MILFLEURS, votre sp\u00e9cialiste de la vente de fleurs en Guadeloupe. Fond\u00e9e avec passion et d\u00e9vouement, notre entreprise s&#8217;efforce de fournir non seulement des fleurs fra\u00eeches et de qualit\u00e9 mais aussi des cr\u00e9ations florales uniques qui ajoutent une touche sp\u00e9ciale \u00e0 chaque occasion. Une Organisation Ancr\u00e9e dans la Communaut\u00e9 Locale [&hellip;]<\/p>\n","protected":false},"author":1,"featured_media":0,"parent":0,"menu_order":0,"comment_status":"closed","ping_status":"closed","template":"","meta":{"footnotes":""},"class_list":["post-2240","page","type-page","status-publish","hentry","notblog"],"yoast_head":"<!-- This site is optimized with the Yoast SEO plugin v20.10 - https:\/\/yoast.com\/wordpress\/plugins\/seo\/ -->\n<title>Qui sommes nous ? - MILFLEURS - Site Internet de Vente de Fleurs en ligne - Guadeloupe<\/title>\n<meta name=\"robots\" content=\"index, follow, max-snippet:-1, max-image-preview:large, max-video-preview:-1\" \/>\n<link rel=\"canonical\" href=\"https:\/\/unruffled-carver.54-38-190-255.plesk.page\/index.php\/qui-sommes-nous\/\" \/>\n<meta property=\"og:locale\" content=\"fr_FR\" \/>\n<meta property=\"og:type\" content=\"article\" \/>\n<meta property=\"og:title\" content=\"Qui sommes nous ? - MILFLEURS - Site Internet de Vente de Fleurs en ligne - Guadeloupe\" \/>\n<meta property=\"og:description\" content=\"Votre Fleuriste en Guadeloupe Bienvenue chez MILFLEURS, votre sp\u00e9cialiste de la vente de fleurs en Guadeloupe. Fond\u00e9e avec passion et d\u00e9vouement, notre entreprise s&#8217;efforce de fournir non seulement des fleurs fra\u00eeches et de qualit\u00e9 mais aussi des cr\u00e9ations florales uniques qui ajoutent une touche sp\u00e9ciale \u00e0 chaque occasion. Une Organisation Ancr\u00e9e dans la Communaut\u00e9 Locale [&hellip;]\" \/>\n<meta property=\"og:url\" content=\"https:\/\/unruffled-carver.54-38-190-255.plesk.page\/index.php\/qui-sommes-nous\/\" \/>\n<meta property=\"og:site_name\" content=\"MILFLEURS - Site Internet de Vente de Fleurs en ligne - Guadeloupe\" \/>\n<meta property=\"article:modified_time\" content=\"2024-04-16T14:34:47+00:00\" \/>\n<meta property=\"og:image\" content=\"https:\/\/unruffled-carver.54-38-190-255.plesk.page\/wp-content\/uploads\/2024\/04\/about-img3333-1.jpg\" \/>\n<meta name=\"twitter:card\" content=\"summary_large_image\" \/>\n<meta name=\"twitter:label1\" content=\"Dur\u00e9e de lecture estim\u00e9e\" \/>\n\t<meta name=\"twitter:data1\" content=\"4 minutes\" \/>\n<script type=\"application\/ld+json\" class=\"yoast-schema-graph\">{\"@context\":\"https:\/\/schema.org\",\"@graph\":[{\"@type\":\"WebPage\",\"@id\":\"https:\/\/unruffled-carver.54-38-190-255.plesk.page\/index.php\/qui-sommes-nous\/\",\"url\":\"https:\/\/unruffled-carver.54-38-190-255.plesk.page\/index.php\/qui-sommes-nous\/\",\"name\":\"Qui sommes nous ? - MILFLEURS - Site Internet de Vente de Fleurs en ligne - Guadeloupe\",\"isPartOf\":{\"@id\":\"https:\/\/unruffled-carver.54-38-190-255.plesk.page\/#website\"},\"datePublished\":\"2018-04-19T11:22:11+00:00\",\"dateModified\":\"2024-04-16T14:34:47+00:00\",\"breadcrumb\":{\"@id\":\"https:\/\/unruffled-carver.54-38-190-255.plesk.page\/index.php\/qui-sommes-nous\/#breadcrumb\"},\"inLanguage\":\"fr-FR\",\"potentialAction\":[{\"@type\":\"ReadAction\",\"target\":[\"https:\/\/unruffled-carver.54-38-190-255.plesk.page\/index.php\/qui-sommes-nous\/\"]}]},{\"@type\":\"BreadcrumbList\",\"@id\":\"https:\/\/unruffled-carver.54-38-190-255.plesk.page\/index.php\/qui-sommes-nous\/#breadcrumb\",\"itemListElement\":[{\"@type\":\"ListItem\",\"position\":1,\"name\":\"Accueil\",\"item\":\"https:\/\/unruffled-carver.54-38-190-255.plesk.page\/\"},{\"@type\":\"ListItem\",\"position\":2,\"name\":\"Qui sommes nous ?\"}]},{\"@type\":\"WebSite\",\"@id\":\"https:\/\/unruffled-carver.54-38-190-255.plesk.page\/#website\",\"url\":\"https:\/\/unruffled-carver.54-38-190-255.plesk.page\/\",\"name\":\"MILFLEURS - Site Internet de Vente de Fleurs en ligne - Guadeloupe\",\"description\":\"Une Histoire de fleur\",\"potentialAction\":[{\"@type\":\"SearchAction\",\"target\":{\"@type\":\"EntryPoint\",\"urlTemplate\":\"https:\/\/unruffled-carver.54-38-190-255.plesk.page\/?s={search_term_string}\"},\"query-input\":\"required name=search_term_string\"}],\"inLanguage\":\"fr-FR\"}]}<\/script>\n<!-- \/ Yoast SEO plugin. -->","yoast_head_json":{"title":"Qui sommes nous ? - MILFLEURS - Site Internet de Vente de Fleurs en ligne - Guadeloupe","robots":{"index":"index","follow":"follow","max-snippet":"max-snippet:-1","max-image-preview":"max-image-preview:large","max-video-preview":"max-video-preview:-1"},"canonical":"https:\/\/unruffled-carver.54-38-190-255.plesk.page\/index.php\/qui-sommes-nous\/","og_locale":"fr_FR","og_type":"article","og_title":"Qui sommes nous ? - MILFLEURS - Site Internet de Vente de Fleurs en ligne - Guadeloupe","og_description":"Votre Fleuriste en Guadeloupe Bienvenue chez MILFLEURS, votre sp\u00e9cialiste de la vente de fleurs en Guadeloupe. Fond\u00e9e avec passion et d\u00e9vouement, notre entreprise s&#8217;efforce de fournir non seulement des fleurs fra\u00eeches et de qualit\u00e9 mais aussi des cr\u00e9ations florales uniques qui ajoutent une touche sp\u00e9ciale \u00e0 chaque occasion. Une Organisation Ancr\u00e9e dans la Communaut\u00e9 Locale [&hellip;]","og_url":"https:\/\/unruffled-carver.54-38-190-255.plesk.page\/index.php\/qui-sommes-nous\/","og_site_name":"MILFLEURS - Site Internet de Vente de Fleurs en ligne - Guadeloupe","article_modified_time":"2024-04-16T14:34:47+00:00","og_image":[{"url":"https:\/\/unruffled-carver.54-38-190-255.plesk.page\/wp-content\/uploads\/2024\/04\/about-img3333-1.jpg"}],"twitter_card":"summary_large_image","twitter_misc":{"Dur\u00e9e de lecture estim\u00e9e":"4 minutes"},"schema":{"@context":"https:\/\/schema.org","@graph":[{"@type":"WebPage","@id":"https:\/\/unruffled-carver.54-38-190-255.plesk.page\/index.php\/qui-sommes-nous\/","url":"https:\/\/unruffled-carver.54-38-190-255.plesk.page\/index.php\/qui-sommes-nous\/","name":"Qui sommes nous ? - MILFLEURS - Site Internet de Vente de Fleurs en ligne - Guadeloupe","isPartOf":{"@id":"https:\/\/unruffled-carver.54-38-190-255.plesk.page\/#website"},"datePublished":"2018-04-19T11:22:11+00:00","dateModified":"2024-04-16T14:34:47+00:00","breadcrumb":{"@id":"https:\/\/unruffled-carver.54-38-190-255.plesk.page\/index.php\/qui-sommes-nous\/#breadcrumb"},"inLanguage":"fr-FR","potentialAction":[{"@type":"ReadAction","target":["https:\/\/unruffled-carver.54-38-190-255.plesk.page\/index.php\/qui-sommes-nous\/"]}]},{"@type":"BreadcrumbList","@id":"https:\/\/unruffled-carver.54-38-190-255.plesk.page\/index.php\/qui-sommes-nous\/#breadcrumb","itemListElement":[{"@type":"ListItem","position":1,"name":"Accueil","item":"https:\/\/unruffled-carver.54-38-190-255.plesk.page\/"},{"@type":"ListItem","position":2,"name":"Qui sommes nous ?"}]},{"@type":"WebSite","@id":"https:\/\/unruffled-carver.54-38-190-255.plesk.page\/#website","url":"https:\/\/unruffled-carver.54-38-190-255.plesk.page\/","name":"MILFLEURS - Site Internet de Vente de Fleurs en ligne - Guadeloupe","description":"Une Histoire de fleur","potentialAction":[{"@type":"SearchAction","target":{"@type":"EntryPoint","urlTemplate":"https:\/\/unruffled-carver.54-38-190-255.plesk.page\/?s={search_term_string}"},"query-input":"required name=search_term_string"}],"inLanguage":"fr-FR"}]}},"_links":{"self":[{"href":"https:\/\/unruffled-carver.54-38-190-255.plesk.page\/index.php\/wp-json\/wp\/v2\/pages\/2240","targetHints":{"allow":["GET"]}}],"collection":[{"href":"https:\/\/unruffled-carver.54-38-190-255.plesk.page\/index.php\/wp-json\/wp\/v2\/pages"}],"about":[{"href":"https:\/\/unruffled-carver.54-38-190-255.plesk.page\/index.php\/wp-json\/wp\/v2\/types\/page"}],"author":[{"embeddable":true,"href":"https:\/\/unruffled-carver.54-38-190-255.plesk.page\/index.php\/wp-json\/wp\/v2\/users\/1"}],"replies":[{"embeddable":true,"href":"https:\/\/unruffled-carver.54-38-190-255.plesk.page\/index.php\/wp-json\/wp\/v2\/comments?post=2240"}],"version-history":[{"count":26,"href":"https:\/\/unruffled-carver.54-38-190-255.plesk.page\/index.php\/wp-json\/wp\/v2\/pages\/2240\/revisions"}],"predecessor-version":[{"id":3027,"href":"https:\/\/unruffled-carver.54-38-190-255.plesk.page\/index.php\/wp-json\/wp\/v2\/pages\/2240\/revisions\/3027"}],"wp:attachment":[{"href":"https:\/\/unruffled-carver.54-38-190-255.plesk.page\/index.php\/wp-json\/wp\/v2\/media?parent=2240"}],"curies":[{"name":"wp","href":"https:\/\/api.w.org\/{rel}","templated":true}]}}