{"id":10,"date":"2024-04-15T09:39:50","date_gmt":"2024-04-15T09:39:50","guid":{"rendered":"https:\/\/unruffled-carver.54-38-190-255.plesk.page\/?page_id=10"},"modified":"2024-04-15T17:26:26","modified_gmt":"2024-04-15T17:26:26","slug":"remboursements_retours","status":"publish","type":"page","link":"https:\/\/unruffled-carver.54-38-190-255.plesk.page\/index.php\/remboursements_retours\/","title":{"rendered":"Politique en mati\u00e8re de remboursements et de retours"},"content":{"rendered":"\n<p><strong>Aper\u00e7u<\/strong><\/p>\n\n\n\n<p>Notre politique de remboursement et de retour dure 30 jours. Si 30 jours se sont \u00e9coul\u00e9s depuis votre achat, nous ne pouvons pas vous offrir un remboursement complet ou un \u00e9change.<\/p>\n\n\n\n<p>Pour \u00eatre admissible \u00e0 un retour, votre article doit \u00eatre inutilis\u00e9 et dans le m\u00eame \u00e9tat que vous l&#8217;avez re\u00e7u. Il doit \u00e9galement \u00eatre dans l&#8217;emballage d&#8217;origine.<\/p>\n\n\n\n<p>Plusieurs types de marchandises sont exempt\u00e9s d&#8217;\u00eatre retourn\u00e9s. Les produits p\u00e9rissables tels que la nourriture, les fleurs, les journaux ou les magazines ne peuvent pas \u00eatre retourn\u00e9s. Nous n&#8217;acceptons pas non plus les produits intimes ou sanitaires, les mati\u00e8res dangereuses ou les liquides ou gaz inflammables.<\/p>\n\n\n\n<p>Articles non retournables suppl\u00e9mentaires:<\/p>\n\n\n\n<pre class=\"wp-block-code\"><code> Cartes cadeaux\n Produits logiciels t\u00e9l\u00e9chargeables\n Certains articles de sant\u00e9 et de soins personnels<\/code><\/pre>\n\n\n\n<p>Pour terminer votre retour, nous avons besoin d&#8217;un re\u00e7u ou d&#8217;une preuve d&#8217;achat.<\/p>\n\n\n\n<p>Veuillez ne pas renvoyer votre achat au fabricant.<\/p>\n\n\n\n<p>Il existe certaines situations o\u00f9 seuls les remboursements partiels sont accord\u00e9s:<\/p>\n\n\n\n<pre class=\"wp-block-code\"><code> R\u00e9server avec des signes d'\u00e9valuation \u00e9vidents\n CD, DVD, bande VHS, logiciel, jeu vid\u00e9o, cassette ou enregistrement en vinyle qui a \u00e9t\u00e9 ouvert.\n Tout \u00e9l\u00e9ment qui n'est pas dans son \u00e9tat d'origine, est endommag\u00e9 ou manquant des pi\u00e8ces pour des raisons qui ne sont pas pour notre erreur.\n Tout article retourn\u00e9 plus de 30 jours apr\u00e8s la livraison<\/code><\/pre>\n\n\n\n<p><strong>REMBOURSEMENT <\/strong><\/p>\n\n\n\n<p>Une fois votre retour re\u00e7u et inspect\u00e9, nous vous enverrons un e-mail pour vous informer que nous avons re\u00e7u votre article retourn\u00e9. Nous vous informerons \u00e9galement de l&#8217;approbation ou du rejet de votre remboursement.<\/p>\n\n\n\n<p>Si vous \u00eates approuv\u00e9, votre remboursement sera trait\u00e9 et un cr\u00e9dit sera automatiquement appliqu\u00e9 \u00e0 votre carte de cr\u00e9dit ou \u00e0 votre mode de paiement d&#8217;origine, dans un certain nombre de jours.<br><br><strong>Remboursements tardifs ou manquants<\/strong><\/p>\n\n\n\n<p>Si vous n&#8217;avez pas encore re\u00e7u de remboursement, v\u00e9rifiez d&#8217;abord votre compte bancaire.<\/p>\n\n\n\n<p>Ensuite, contactez votre soci\u00e9t\u00e9 de carte de cr\u00e9dit, cela peut prendre un certain temps avant que votre remboursement ne soit officiellement affich\u00e9.<\/p>\n\n\n\n<p>Ensuite, contactez votre banque. Il y a souvent un certain temps de traitement avant qu&#8217;un remboursement ne soit affich\u00e9.<\/p>\n\n\n\n<p>Si vous avez fait tout cela et que vous n&#8217;avez toujours pas re\u00e7u votre remboursement, veuillez nous contacter \u00e0 {adresse e-mail : contact@fleurs-guadeloupe.com.<br><br><strong>Vendre des articles<\/strong><\/p>\n\n\n\n<p>Seuls les articles \u00e0 prix r\u00e9gulier peuvent \u00eatre rembours\u00e9s. Les articles de vente ne peuvent pas \u00eatre rembours\u00e9s.<br><br><strong>Echanges<\/strong><\/p>\n\n\n\n<p>Nous rempla\u00e7ons les articles que s&#8217;ils sont d\u00e9fectueux ou endommag\u00e9s. Si vous avez besoin de l&#8217;\u00e9changer contre le m\u00eame article, envoyez-nous un e-mail \u00e0 {adresse e-mail} et envoyez votre article \u00e0: {Adresse physique}.<br><br><strong>Cadeaux<\/strong><\/p>\n\n\n\n<p>Si l&#8217;article a \u00e9t\u00e9 marqu\u00e9 en cadeau lorsqu&#8217;il est achet\u00e9 et exp\u00e9di\u00e9 directement, vous recevrez un cr\u00e9dit cadeau pour la valeur de votre retour. Une fois l&#8217;article retourn\u00e9 re\u00e7u, un ch\u00e8que-cadeau vous sera envoy\u00e9 par la poste.<\/p>\n\n\n\n<p>Si l&#8217;article n&#8217;\u00e9tait pas marqu\u00e9 comme un cadeau lorsqu&#8217;il est achet\u00e9, ou si le donneur de cadeau a fait exp\u00e9dier la commande pour vous donner plus tard, nous enverrons un remboursement au donneur de cadeaux et ils d\u00e9couvriront votre retour.<br><br><strong>Exp\u00e9dition &amp; retours<\/strong><\/p>\n\n\n\n<p>Pour retourner votre produit, vous devez envoyer votre produit \u00e0: {Adresse physique}.<\/p>\n\n\n\n<p>Vous serez responsable du paiement de vos propres frais d&#8217;exp\u00e9dition pour le retour de votre article. Les frais d&#8217;exp\u00e9dition ne sont pas remboursables. Si vous recevez un remboursement, le co\u00fbt de l&#8217;exp\u00e9dition de retour sera d\u00e9duit de votre remboursement.<\/p>\n\n\n\n<p>Selon l&#8217;endroit o\u00f9 vous vivez, le temps qu&#8217;il peut prendre pour que votre produit \u00e9chang\u00e9 vous atteigne peut varier.<\/p>\n\n\n\n<p>Si vous retournez des articles plus chers, vous pouvez envisager d&#8217;utiliser un service d&#8217;exp\u00e9dition traditionnelle ou d&#8217;acheter une assurance maritime. Nous ne garantissons pas que nous recevrons votre article retourn\u00e9.<br><br><strong>Besoin d&#8217;aide?<\/strong><\/p>\n\n\n\n<p>Contactez-nous \u00e0 contact@fleurs-guadeloupe.com  pour des questions li\u00e9es aux remboursements et aux retours.<\/p>\n","protected":false},"excerpt":{"rendered":"<p>Aper\u00e7u Notre politique de remboursement et de retour dure 30 jours. Si 30 jours se sont \u00e9coul\u00e9s depuis votre achat, nous ne pouvons pas vous offrir un remboursement complet ou un \u00e9change. Pour \u00eatre admissible \u00e0 un retour, votre article doit \u00eatre inutilis\u00e9 et dans le m\u00eame \u00e9tat que vous l&#8217;avez re\u00e7u. Il doit \u00e9galement [&hellip;]<\/p>\n","protected":false},"author":1,"featured_media":0,"parent":0,"menu_order":0,"comment_status":"closed","ping_status":"closed","template":"","meta":{"footnotes":""},"class_list":["post-10","page","type-page","status-publish","hentry","notblog"],"yoast_head":"<!-- This site is optimized with the Yoast SEO plugin v20.10 - https:\/\/yoast.com\/wordpress\/plugins\/seo\/ -->\n<title>Politique en mati\u00e8re de remboursements et de retours - MILFLEURS - Site Internet de Vente de Fleurs en ligne - Guadeloupe<\/title>\n<meta name=\"robots\" content=\"index, follow, max-snippet:-1, max-image-preview:large, max-video-preview:-1\" \/>\n<link rel=\"canonical\" href=\"https:\/\/unruffled-carver.54-38-190-255.plesk.page\/index.php\/remboursements_retours\/\" \/>\n<meta property=\"og:locale\" content=\"fr_FR\" \/>\n<meta property=\"og:type\" content=\"article\" \/>\n<meta property=\"og:title\" content=\"Politique en mati\u00e8re de remboursements et de retours - MILFLEURS - Site Internet de Vente de Fleurs en ligne - Guadeloupe\" \/>\n<meta property=\"og:description\" content=\"Aper\u00e7u Notre politique de remboursement et de retour dure 30 jours. Si 30 jours se sont \u00e9coul\u00e9s depuis votre achat, nous ne pouvons pas vous offrir un remboursement complet ou un \u00e9change. Pour \u00eatre admissible \u00e0 un retour, votre article doit \u00eatre inutilis\u00e9 et dans le m\u00eame \u00e9tat que vous l&#8217;avez re\u00e7u. Il doit \u00e9galement [&hellip;]\" \/>\n<meta property=\"og:url\" content=\"https:\/\/unruffled-carver.54-38-190-255.plesk.page\/index.php\/remboursements_retours\/\" \/>\n<meta property=\"og:site_name\" content=\"MILFLEURS - Site Internet de Vente de Fleurs en ligne - Guadeloupe\" \/>\n<meta property=\"article:modified_time\" content=\"2024-04-15T17:26:26+00:00\" \/>\n<meta name=\"twitter:card\" content=\"summary_large_image\" \/>\n<meta name=\"twitter:label1\" content=\"Dur\u00e9e de lecture estim\u00e9e\" \/>\n\t<meta name=\"twitter:data1\" content=\"3 minutes\" \/>\n<script type=\"application\/ld+json\" class=\"yoast-schema-graph\">{\"@context\":\"https:\/\/schema.org\",\"@graph\":[{\"@type\":\"WebPage\",\"@id\":\"https:\/\/unruffled-carver.54-38-190-255.plesk.page\/index.php\/remboursements_retours\/\",\"url\":\"https:\/\/unruffled-carver.54-38-190-255.plesk.page\/index.php\/remboursements_retours\/\",\"name\":\"Politique en mati\u00e8re de remboursements et de retours - MILFLEURS - Site Internet de Vente de Fleurs en ligne - Guadeloupe\",\"isPartOf\":{\"@id\":\"https:\/\/unruffled-carver.54-38-190-255.plesk.page\/#website\"},\"datePublished\":\"2024-04-15T09:39:50+00:00\",\"dateModified\":\"2024-04-15T17:26:26+00:00\",\"breadcrumb\":{\"@id\":\"https:\/\/unruffled-carver.54-38-190-255.plesk.page\/index.php\/remboursements_retours\/#breadcrumb\"},\"inLanguage\":\"fr-FR\",\"potentialAction\":[{\"@type\":\"ReadAction\",\"target\":[\"https:\/\/unruffled-carver.54-38-190-255.plesk.page\/index.php\/remboursements_retours\/\"]}]},{\"@type\":\"BreadcrumbList\",\"@id\":\"https:\/\/unruffled-carver.54-38-190-255.plesk.page\/index.php\/remboursements_retours\/#breadcrumb\",\"itemListElement\":[{\"@type\":\"ListItem\",\"position\":1,\"name\":\"Accueil\",\"item\":\"https:\/\/unruffled-carver.54-38-190-255.plesk.page\/\"},{\"@type\":\"ListItem\",\"position\":2,\"name\":\"Politique en mati\u00e8re de remboursements et de retours\"}]},{\"@type\":\"WebSite\",\"@id\":\"https:\/\/unruffled-carver.54-38-190-255.plesk.page\/#website\",\"url\":\"https:\/\/unruffled-carver.54-38-190-255.plesk.page\/\",\"name\":\"MILFLEURS - Site Internet de Vente de Fleurs en ligne - Guadeloupe\",\"description\":\"Une Histoire de fleur\",\"potentialAction\":[{\"@type\":\"SearchAction\",\"target\":{\"@type\":\"EntryPoint\",\"urlTemplate\":\"https:\/\/unruffled-carver.54-38-190-255.plesk.page\/?s={search_term_string}\"},\"query-input\":\"required name=search_term_string\"}],\"inLanguage\":\"fr-FR\"}]}<\/script>\n<!-- \/ Yoast SEO plugin. -->","yoast_head_json":{"title":"Politique en mati\u00e8re de remboursements et de retours - MILFLEURS - Site Internet de Vente de Fleurs en ligne - Guadeloupe","robots":{"index":"index","follow":"follow","max-snippet":"max-snippet:-1","max-image-preview":"max-image-preview:large","max-video-preview":"max-video-preview:-1"},"canonical":"https:\/\/unruffled-carver.54-38-190-255.plesk.page\/index.php\/remboursements_retours\/","og_locale":"fr_FR","og_type":"article","og_title":"Politique en mati\u00e8re de remboursements et de retours - MILFLEURS - Site Internet de Vente de Fleurs en ligne - Guadeloupe","og_description":"Aper\u00e7u Notre politique de remboursement et de retour dure 30 jours. Si 30 jours se sont \u00e9coul\u00e9s depuis votre achat, nous ne pouvons pas vous offrir un remboursement complet ou un \u00e9change. Pour \u00eatre admissible \u00e0 un retour, votre article doit \u00eatre inutilis\u00e9 et dans le m\u00eame \u00e9tat que vous l&#8217;avez re\u00e7u. Il doit \u00e9galement [&hellip;]","og_url":"https:\/\/unruffled-carver.54-38-190-255.plesk.page\/index.php\/remboursements_retours\/","og_site_name":"MILFLEURS - Site Internet de Vente de Fleurs en ligne - Guadeloupe","article_modified_time":"2024-04-15T17:26:26+00:00","twitter_card":"summary_large_image","twitter_misc":{"Dur\u00e9e de lecture estim\u00e9e":"3 minutes"},"schema":{"@context":"https:\/\/schema.org","@graph":[{"@type":"WebPage","@id":"https:\/\/unruffled-carver.54-38-190-255.plesk.page\/index.php\/remboursements_retours\/","url":"https:\/\/unruffled-carver.54-38-190-255.plesk.page\/index.php\/remboursements_retours\/","name":"Politique en mati\u00e8re de remboursements et de retours - MILFLEURS - Site Internet de Vente de Fleurs en ligne - Guadeloupe","isPartOf":{"@id":"https:\/\/unruffled-carver.54-38-190-255.plesk.page\/#website"},"datePublished":"2024-04-15T09:39:50+00:00","dateModified":"2024-04-15T17:26:26+00:00","breadcrumb":{"@id":"https:\/\/unruffled-carver.54-38-190-255.plesk.page\/index.php\/remboursements_retours\/#breadcrumb"},"inLanguage":"fr-FR","potentialAction":[{"@type":"ReadAction","target":["https:\/\/unruffled-carver.54-38-190-255.plesk.page\/index.php\/remboursements_retours\/"]}]},{"@type":"BreadcrumbList","@id":"https:\/\/unruffled-carver.54-38-190-255.plesk.page\/index.php\/remboursements_retours\/#breadcrumb","itemListElement":[{"@type":"ListItem","position":1,"name":"Accueil","item":"https:\/\/unruffled-carver.54-38-190-255.plesk.page\/"},{"@type":"ListItem","position":2,"name":"Politique en mati\u00e8re de remboursements et de retours"}]},{"@type":"WebSite","@id":"https:\/\/unruffled-carver.54-38-190-255.plesk.page\/#website","url":"https:\/\/unruffled-carver.54-38-190-255.plesk.page\/","name":"MILFLEURS - Site Internet de Vente de Fleurs en ligne - Guadeloupe","description":"Une Histoire de fleur","potentialAction":[{"@type":"SearchAction","target":{"@type":"EntryPoint","urlTemplate":"https:\/\/unruffled-carver.54-38-190-255.plesk.page\/?s={search_term_string}"},"query-input":"required name=search_term_string"}],"inLanguage":"fr-FR"}]}},"_links":{"self":[{"href":"https:\/\/unruffled-carver.54-38-190-255.plesk.page\/index.php\/wp-json\/wp\/v2\/pages\/10","targetHints":{"allow":["GET"]}}],"collection":[{"href":"https:\/\/unruffled-carver.54-38-190-255.plesk.page\/index.php\/wp-json\/wp\/v2\/pages"}],"about":[{"href":"https:\/\/unruffled-carver.54-38-190-255.plesk.page\/index.php\/wp-json\/wp\/v2\/types\/page"}],"author":[{"embeddable":true,"href":"https:\/\/unruffled-carver.54-38-190-255.plesk.page\/index.php\/wp-json\/wp\/v2\/users\/1"}],"replies":[{"embeddable":true,"href":"https:\/\/unruffled-carver.54-38-190-255.plesk.page\/index.php\/wp-json\/wp\/v2\/comments?post=10"}],"version-history":[{"count":6,"href":"https:\/\/unruffled-carver.54-38-190-255.plesk.page\/index.php\/wp-json\/wp\/v2\/pages\/10\/revisions"}],"predecessor-version":[{"id":2945,"href":"https:\/\/unruffled-carver.54-38-190-255.plesk.page\/index.php\/wp-json\/wp\/v2\/pages\/10\/revisions\/2945"}],"wp:attachment":[{"href":"https:\/\/unruffled-carver.54-38-190-255.plesk.page\/index.php\/wp-json\/wp\/v2\/media?parent=10"}],"curies":[{"name":"wp","href":"https:\/\/api.w.org\/{rel}","templated":true}]}}